{"id":11926,"date":"2023-06-29T18:43:39","date_gmt":"2023-06-29T17:43:39","guid":{"rendered":"https:\/\/lanzaroteartgallery.com\/obra\/dos-siguiendo-la-luna\/"},"modified":"2023-12-23T20:40:37","modified_gmt":"2023-12-23T20:40:37","slug":"dos-siguiendo-la-luna","status":"publish","type":"product","link":"https:\/\/lanzaroteartgallery.com\/en\/work\/dos-siguiendo-la-luna\/","title":{"rendered":"Dos siguiendo la luna"},"content":{"rendered":"<p>Ensamblaje de tablas de costa que sirven de soporte de este peque\u00f1a obra, la que tambi\u00e9n incluye partes de mobiliario, tambi\u00e9n hallado. El uso de las veladuras intenta que no se pierda la belleza propia del material y que no se pierda su presencia.<\/p>\n","protected":false},"excerpt":{"rendered":"<p>Todas las maderas encontradas est\u00e1n tratadas para su mejor conservaci\u00f3n.<\/p>\n","protected":false},"featured_media":11925,"template":"","meta":{"_kad_blocks_custom_css":"","_kad_blocks_head_custom_js":"","_kad_blocks_body_custom_js":"","_kad_blocks_footer_custom_js":""},"product_brand":[],"product_cat":[874,860,17,865,876,918,917,867,855,1361,862,870,854,861],"product_tag":[999,980,1291,1262,1365,1011,1051,1246,1364,1363,1368,1369,1362],"class_list":{"0":"post-11926","1":"product","2":"type-product","3":"status-publish","4":"has-post-thumbnail","6":"product_cat-abstraccion","7":"product_cat-abstracto","8":"product_cat-artistas","9":"product_cat-conceptual","10":"product_cat-conceptual-escultura","11":"product_cat-cuadros-para-cocinas","12":"product_cat-cuadros-para-pasillos","13":"product_cat-escena-de-genero","14":"product_cat-escultura","15":"product_cat-katya-di-matteo","16":"product_cat-naturaleza","17":"product_cat-paisajismo","18":"product_cat-pintura","19":"product_cat-animales","20":"product_tag-abstraccion-figurativa","21":"product_tag-acrilico","22":"product_tag-agua","23":"product_tag-azul","24":"product_tag-costa","25":"product_tag-figurativo-abstracto","26":"product_tag-madera","27":"product_tag-mar","28":"product_tag-peces","29":"product_tag-piedra","30":"product_tag-sol","31":"product_tag-trabajos-en-madera","32":"product_tag-tuna","34":"first","35":"instock","36":"taxable","37":"shipping-taxable","38":"purchasable","39":"product-type-simple"},"aioseo_notices":[],"taxonomy_info":{"product_cat":[{"value":874,"label":"Abstracci\u00f3n"},{"value":860,"label":"Abstract"},{"value":17,"label":"Artistas"},{"value":865,"label":"Conceptual"},{"value":876,"label":"Conceptual"},{"value":918,"label":"Pictures for Kitchens"},{"value":917,"label":"Corridor Paintings"},{"value":867,"label":"Gender Scene"},{"value":855,"label":"Sculpture"},{"value":1361,"label":"Katya Di Matteo"},{"value":862,"label":"Naturaleza"},{"value":870,"label":"Paisajismo"},{"value":854,"label":"Painting"},{"value":861,"label":"Animals"}],"product_tag":[{"value":999,"label":"abstracci\u00f3n figurativa"},{"value":980,"label":"acr\u00edlico"},{"value":1291,"label":"agua"},{"value":1262,"label":"azul"},{"value":1365,"label":"Costa"},{"value":1011,"label":"figurativo abstracto"},{"value":1051,"label":"madera"},{"value":1246,"label":"mar"},{"value":1364,"label":"peces"},{"value":1363,"label":"piedra"},{"value":1368,"label":"sol"},{"value":1369,"label":"trabajos en madera"},{"value":1362,"label":"tuna"}]},"featured_image_src_large":["https:\/\/lanzaroteartgallery.com\/wp-content\/uploads\/2023\/06\/DiMatteo-Katya-X5696243-V2Fpecesolaluna-768x1024.jpeg",768,1024,true],"author_info":[],"comment_info":"","_links":{"self":[{"href":"https:\/\/lanzaroteartgallery.com\/en\/wp-json\/wp\/v2\/product\/11926","targetHints":{"allow":["GET"]}}],"collection":[{"href":"https:\/\/lanzaroteartgallery.com\/en\/wp-json\/wp\/v2\/product"}],"about":[{"href":"https:\/\/lanzaroteartgallery.com\/en\/wp-json\/wp\/v2\/types\/product"}],"wp:featuredmedia":[{"embeddable":true,"href":"https:\/\/lanzaroteartgallery.com\/en\/wp-json\/wp\/v2\/media\/11925"}],"wp:attachment":[{"href":"https:\/\/lanzaroteartgallery.com\/en\/wp-json\/wp\/v2\/media?parent=11926"}],"wp:term":[{"taxonomy":"product_brand","embeddable":true,"href":"https:\/\/lanzaroteartgallery.com\/en\/wp-json\/wp\/v2\/product_brand?post=11926"},{"taxonomy":"product_cat","embeddable":true,"href":"https:\/\/lanzaroteartgallery.com\/en\/wp-json\/wp\/v2\/product_cat?post=11926"},{"taxonomy":"product_tag","embeddable":true,"href":"https:\/\/lanzaroteartgallery.com\/en\/wp-json\/wp\/v2\/product_tag?post=11926"}],"curies":[{"name":"wp","href":"https:\/\/api.w.org\/{rel}","templated":true}]}}