{"id":11897,"date":"2023-06-23T12:05:07","date_gmt":"2023-06-23T11:05:07","guid":{"rendered":"https:\/\/lanzaroteartgallery.com\/obra\/hojas-de-otono-vi\/"},"modified":"2023-09-20T12:47:41","modified_gmt":"2023-09-20T11:47:41","slug":"hojas-de-otono-vi","status":"publish","type":"product","link":"https:\/\/lanzaroteartgallery.com\/en\/work\/hojas-de-otono-vi\/","title":{"rendered":"Hojas de Oto\u00f1o VI"},"content":{"rendered":"<p>Serie Hojas De Oto\u00f1o, Hojas Secas, Cristal, Luces y Sombras, \u00f3leo, Lienzo, Bodeg\u00f3n,<\/p>\n<p>&nbsp;<\/p>\n","protected":false},"excerpt":{"rendered":"<p>Serie Hojas De Oto\u00f1o, Hojas Secas, Cristal, Luces y Sombras, \u00f3leo, Lienzo, Bodeg\u00f3n, &nbsp;<\/p>\n","protected":false},"featured_media":11896,"template":"","meta":{"_kad_blocks_custom_css":"","_kad_blocks_head_custom_js":"","_kad_blocks_body_custom_js":"","_kad_blocks_footer_custom_js":""},"product_brand":[],"product_cat":[601,864,865,910,914,911,912,913,867,862,854,1322],"product_tag":[1316,1333,1334,922,1358,921,1357],"class_list":{"0":"post-11897","1":"product","2":"type-product","3":"status-publish","4":"has-post-thumbnail","6":"product_cat-arte-global-artistas","7":"product_cat-bodegon","8":"product_cat-conceptual","9":"product_cat-cuadro-grande","10":"product_cat-cuadros-decoracion-salon","11":"product_cat-cuadros-decorativos-salon","12":"product_cat-cuadros-habitacion","13":"product_cat-cuadros-relajantes-para-salon","14":"product_cat-escena-de-genero","15":"product_cat-naturaleza","16":"product_cat-pintura","17":"product_cat-teresa-lapayese","18":"product_tag-bodegon","19":"product_tag-cristal","20":"product_tag-hojas-secas","21":"product_tag-lienzo","22":"product_tag-luces-y-sombras","23":"product_tag-oleo","24":"product_tag-serie-hojas-de-otono","26":"first","27":"instock","28":"taxable","29":"shipping-taxable","30":"purchasable","31":"product-type-simple"},"aioseo_notices":[],"taxonomy_info":{"product_cat":[{"value":601,"label":"Art Space"},{"value":864,"label":"Still life"},{"value":865,"label":"Conceptual"},{"value":910,"label":"Big Picture"},{"value":914,"label":"Paintings Living Room Decoration"},{"value":911,"label":"Decorative Paintings Living Room"},{"value":912,"label":"Bedroom Paintings"},{"value":913,"label":"Relaxing Paintings for the Living Room"},{"value":867,"label":"Gender Scene"},{"value":862,"label":"Naturaleza"},{"value":854,"label":"Painting"},{"value":1322,"label":"Teresa Lapayese"}],"product_tag":[{"value":1316,"label":"bodegon"},{"value":1333,"label":"cristal"},{"value":1334,"label":"hojas secas"},{"value":922,"label":"lienzo"},{"value":1358,"label":"Luces y Sombras"},{"value":921,"label":"\u00f3leo"},{"value":1357,"label":"Serie Hojas De Oto\u00f1o"}]},"featured_image_src_large":["https:\/\/lanzaroteartgallery.com\/wp-content\/uploads\/2023\/06\/LAPAYESE-TERESA-50830497z2F290HOJASDEOTOC391OVI2C81x100.jpg",800,648,false],"author_info":[],"comment_info":"","_links":{"self":[{"href":"https:\/\/lanzaroteartgallery.com\/en\/wp-json\/wp\/v2\/product\/11897","targetHints":{"allow":["GET"]}}],"collection":[{"href":"https:\/\/lanzaroteartgallery.com\/en\/wp-json\/wp\/v2\/product"}],"about":[{"href":"https:\/\/lanzaroteartgallery.com\/en\/wp-json\/wp\/v2\/types\/product"}],"wp:featuredmedia":[{"embeddable":true,"href":"https:\/\/lanzaroteartgallery.com\/en\/wp-json\/wp\/v2\/media\/11896"}],"wp:attachment":[{"href":"https:\/\/lanzaroteartgallery.com\/en\/wp-json\/wp\/v2\/media?parent=11897"}],"wp:term":[{"taxonomy":"product_brand","embeddable":true,"href":"https:\/\/lanzaroteartgallery.com\/en\/wp-json\/wp\/v2\/product_brand?post=11897"},{"taxonomy":"product_cat","embeddable":true,"href":"https:\/\/lanzaroteartgallery.com\/en\/wp-json\/wp\/v2\/product_cat?post=11897"},{"taxonomy":"product_tag","embeddable":true,"href":"https:\/\/lanzaroteartgallery.com\/en\/wp-json\/wp\/v2\/product_tag?post=11897"}],"curies":[{"name":"wp","href":"https:\/\/api.w.org\/{rel}","templated":true}]}}