{"id":11877,"date":"2023-06-23T12:04:55","date_gmt":"2023-06-23T11:04:55","guid":{"rendered":"https:\/\/lanzaroteartgallery.com\/obra\/pano-con-copa\/"},"modified":"2023-09-19T20:21:31","modified_gmt":"2023-09-19T19:21:31","slug":"pano-con-copa","status":"publish","type":"product","link":"https:\/\/lanzaroteartgallery.com\/en\/work\/pano-con-copa\/","title":{"rendered":"Pa\u00f1o con Copa"},"content":{"rendered":"<p>Tercer premio Vel\u00e1zquez, pintura, pa\u00f1o, copa, metal, reflejos.<\/p>\n","protected":false},"excerpt":{"rendered":"<p>Tercer premio Vel\u00e1zquez, pintura, pa\u00f1o, copa, metal, reflejos.<\/p>\n","protected":false},"featured_media":11876,"template":"","meta":{"_kad_blocks_custom_css":"","_kad_blocks_head_custom_js":"","_kad_blocks_body_custom_js":"","_kad_blocks_footer_custom_js":""},"product_brand":[],"product_cat":[601,864,865,910,911,909,912,916,915,867,862,870,854,1322],"product_tag":[1337,1339,1228,1336,966,1338,1335],"class_list":{"0":"post-11877","1":"product","2":"type-product","3":"status-publish","4":"has-post-thumbnail","6":"product_cat-arte-global-artistas","7":"product_cat-bodegon","8":"product_cat-conceptual","9":"product_cat-cuadro-grande","10":"product_cat-cuadros-decorativos-salon","11":"product_cat-cuadros-grandes-para-salon","12":"product_cat-cuadros-habitacion","13":"product_cat-cuadros-para-dormitorios","14":"product_cat-cuadros-para-salon-modernos","15":"product_cat-escena-de-genero","16":"product_cat-naturaleza","17":"product_cat-paisajismo","18":"product_cat-pintura","19":"product_cat-teresa-lapayese","20":"product_tag-copa","21":"product_tag-lienzo-flores","22":"product_tag-metal","23":"product_tag-pano","24":"product_tag-pintura","25":"product_tag-reflejos-oleo","26":"product_tag-tercer-premio-velazquez","28":"first","29":"instock","30":"taxable","31":"shipping-taxable","32":"purchasable","33":"product-type-simple"},"aioseo_notices":[],"taxonomy_info":{"product_cat":[{"value":601,"label":"Art Space"},{"value":864,"label":"Still life"},{"value":865,"label":"Conceptual"},{"value":910,"label":"Big Picture"},{"value":911,"label":"Decorative Paintings Living Room"},{"value":909,"label":"Large Paintings for the Living Room"},{"value":912,"label":"Bedroom Paintings"},{"value":916,"label":"Bedroom Paintings"},{"value":915,"label":"Modern Living Room Paintings"},{"value":867,"label":"Gender Scene"},{"value":862,"label":"Naturaleza"},{"value":870,"label":"Paisajismo"},{"value":854,"label":"Painting"},{"value":1322,"label":"Teresa Lapayese"}],"product_tag":[{"value":1337,"label":"copa"},{"value":1339,"label":"lienzo Flores"},{"value":1228,"label":"metal"},{"value":1336,"label":"pa\u00f1o"},{"value":966,"label":"pintura"},{"value":1338,"label":"reflejos.\u00f3leo"},{"value":1335,"label":"Tercer premio Vel\u00e1zquez"}]},"featured_image_src_large":["https:\/\/lanzaroteartgallery.com\/wp-content\/uploads\/2023\/06\/LAPAYESE-TERESA-50830497z2F2PAC391OCONCOPA89x100.jpg",800,712,false],"author_info":[],"comment_info":"","_links":{"self":[{"href":"https:\/\/lanzaroteartgallery.com\/en\/wp-json\/wp\/v2\/product\/11877","targetHints":{"allow":["GET"]}}],"collection":[{"href":"https:\/\/lanzaroteartgallery.com\/en\/wp-json\/wp\/v2\/product"}],"about":[{"href":"https:\/\/lanzaroteartgallery.com\/en\/wp-json\/wp\/v2\/types\/product"}],"wp:featuredmedia":[{"embeddable":true,"href":"https:\/\/lanzaroteartgallery.com\/en\/wp-json\/wp\/v2\/media\/11876"}],"wp:attachment":[{"href":"https:\/\/lanzaroteartgallery.com\/en\/wp-json\/wp\/v2\/media?parent=11877"}],"wp:term":[{"taxonomy":"product_brand","embeddable":true,"href":"https:\/\/lanzaroteartgallery.com\/en\/wp-json\/wp\/v2\/product_brand?post=11877"},{"taxonomy":"product_cat","embeddable":true,"href":"https:\/\/lanzaroteartgallery.com\/en\/wp-json\/wp\/v2\/product_cat?post=11877"},{"taxonomy":"product_tag","embeddable":true,"href":"https:\/\/lanzaroteartgallery.com\/en\/wp-json\/wp\/v2\/product_tag?post=11877"}],"curies":[{"name":"wp","href":"https:\/\/api.w.org\/{rel}","templated":true}]}}