{"id":11875,"date":"2023-06-23T12:04:53","date_gmt":"2023-06-23T11:04:53","guid":{"rendered":"https:\/\/lanzaroteartgallery.com\/obra\/hojas-de-otono-v\/"},"modified":"2023-12-23T20:43:07","modified_gmt":"2023-12-23T20:43:07","slug":"hojas-de-otono-v","status":"publish","type":"product","link":"https:\/\/lanzaroteartgallery.com\/en\/work\/hojas-de-otono-v\/","title":{"rendered":"Hojas de Oto\u00f1o V"},"content":{"rendered":"<p>PERTENECE A LA SERIE HOJAS DE OTO\u00d1O. PA\u00d1O CON BROCADOS, CRISTAL, AGUA, HOJAS SECAS<\/p>","protected":false},"excerpt":{"rendered":"<p>PERTENECE A LA SERIE HOJAS DE OTO\u00d1O. PA\u00d1O CON BROCADOS, CRISTAL, AGUA, HOJAS SECAS<\/p>\n","protected":false},"featured_media":11874,"template":"","meta":{"_kad_blocks_custom_css":"","_kad_blocks_head_custom_js":"","_kad_blocks_body_custom_js":"","_kad_blocks_footer_custom_js":""},"product_brand":[],"product_cat":[17,865,914,911,909,912,916,913,867,862,854,1322],"product_tag":[1291,1333,1334,1332],"class_list":{"0":"post-11875","1":"product","2":"type-product","3":"status-publish","4":"has-post-thumbnail","6":"product_cat-artistas","7":"product_cat-conceptual","8":"product_cat-cuadros-decoracion-salon","9":"product_cat-cuadros-decorativos-salon","10":"product_cat-cuadros-grandes-para-salon","11":"product_cat-cuadros-habitacion","12":"product_cat-cuadros-para-dormitorios","13":"product_cat-cuadros-relajantes-para-salon","14":"product_cat-escena-de-genero","15":"product_cat-naturaleza","16":"product_cat-pintura","17":"product_cat-teresa-lapayese","18":"product_tag-agua","19":"product_tag-cristal","20":"product_tag-hojas-secas","21":"product_tag-pertenece-a-la-serie-hojas-de-otono-pano-con-brocados","23":"first","24":"instock","25":"taxable","26":"shipping-taxable","27":"purchasable","28":"product-type-simple"},"aioseo_notices":[],"taxonomy_info":{"product_cat":[{"value":17,"label":"Artistas"},{"value":865,"label":"Conceptual"},{"value":914,"label":"Paintings Living Room Decoration"},{"value":911,"label":"Decorative Paintings Living Room"},{"value":909,"label":"Large Paintings for the Living Room"},{"value":912,"label":"Bedroom Paintings"},{"value":916,"label":"Bedroom Paintings"},{"value":913,"label":"Relaxing Paintings for the Living Room"},{"value":867,"label":"Gender Scene"},{"value":862,"label":"Naturaleza"},{"value":854,"label":"Painting"},{"value":1322,"label":"Teresa Lapayese"}],"product_tag":[{"value":1291,"label":"agua"},{"value":1333,"label":"cristal"},{"value":1334,"label":"hojas secas"},{"value":1332,"label":"Pertenece a la serie hojas de oto\u00f1o. pa\u00f1o con brocados"}]},"featured_image_src_large":["https:\/\/lanzaroteartgallery.com\/wp-content\/uploads\/2023\/06\/LAPAYESE-TERESA-50830497z2F1HOJASDEOTOC391OV116x100.jpg",800,930,false],"author_info":[],"comment_info":"","_links":{"self":[{"href":"https:\/\/lanzaroteartgallery.com\/en\/wp-json\/wp\/v2\/product\/11875","targetHints":{"allow":["GET"]}}],"collection":[{"href":"https:\/\/lanzaroteartgallery.com\/en\/wp-json\/wp\/v2\/product"}],"about":[{"href":"https:\/\/lanzaroteartgallery.com\/en\/wp-json\/wp\/v2\/types\/product"}],"wp:featuredmedia":[{"embeddable":true,"href":"https:\/\/lanzaroteartgallery.com\/en\/wp-json\/wp\/v2\/media\/11874"}],"wp:attachment":[{"href":"https:\/\/lanzaroteartgallery.com\/en\/wp-json\/wp\/v2\/media?parent=11875"}],"wp:term":[{"taxonomy":"product_brand","embeddable":true,"href":"https:\/\/lanzaroteartgallery.com\/en\/wp-json\/wp\/v2\/product_brand?post=11875"},{"taxonomy":"product_cat","embeddable":true,"href":"https:\/\/lanzaroteartgallery.com\/en\/wp-json\/wp\/v2\/product_cat?post=11875"},{"taxonomy":"product_tag","embeddable":true,"href":"https:\/\/lanzaroteartgallery.com\/en\/wp-json\/wp\/v2\/product_tag?post=11875"}],"curies":[{"name":"wp","href":"https:\/\/api.w.org\/{rel}","templated":true}]}}