{"id":11811,"date":"2023-06-14T11:09:40","date_gmt":"2023-06-14T10:09:40","guid":{"rendered":"https:\/\/lanzaroteartgallery.com\/obra\/erase-una-vez\/"},"modified":"2023-09-21T18:16:46","modified_gmt":"2023-09-21T17:16:46","slug":"erase-una-vez","status":"publish","type":"product","link":"https:\/\/lanzaroteartgallery.com\/en\/work\/erase-una-vez\/","title":{"rendered":"\u00c9rase una vez"},"content":{"rendered":"<p>Situaciones comprometidas.<\/p>\n","protected":false},"excerpt":{"rendered":"<p>T\u00e9cnica mixta sobre metacrilato y lienzo<\/p>\n","protected":false},"featured_media":11675,"template":"","meta":{"_kad_blocks_custom_css":"","_kad_blocks_head_custom_js":"","_kad_blocks_body_custom_js":"","_kad_blocks_footer_custom_js":""},"product_brand":[],"product_cat":[860,865,910,914,911,909,912,916,915,913,867,862,870,1061,854],"product_tag":[980,1287,1310,922,1050,1286,921,1257,987],"class_list":{"0":"post-11811","1":"product","2":"type-product","3":"status-publish","4":"has-post-thumbnail","6":"product_cat-abstracto","7":"product_cat-conceptual","8":"product_cat-cuadro-grande","9":"product_cat-cuadros-decoracion-salon","10":"product_cat-cuadros-decorativos-salon","11":"product_cat-cuadros-grandes-para-salon","12":"product_cat-cuadros-habitacion","13":"product_cat-cuadros-para-dormitorios","14":"product_cat-cuadros-para-salon-modernos","15":"product_cat-cuadros-relajantes-para-salon","16":"product_cat-escena-de-genero","17":"product_cat-naturaleza","18":"product_cat-paisajismo","19":"product_cat-pilar-sagarra-moor","20":"product_cat-pintura","21":"product_tag-acrilico","22":"product_tag-flores","23":"product_tag-interiores","24":"product_tag-lienzo","25":"product_tag-metacrilato","26":"product_tag-naturaleza-muerta","27":"product_tag-oleo","28":"product_tag-otono","29":"product_tag-tecnica-mixta","31":"first","32":"instock","33":"taxable","34":"shipping-taxable","35":"purchasable","36":"product-type-simple"},"aioseo_notices":[],"taxonomy_info":{"product_cat":[{"value":860,"label":"Abstract"},{"value":865,"label":"Conceptual"},{"value":910,"label":"Big Picture"},{"value":914,"label":"Paintings Living Room Decoration"},{"value":911,"label":"Decorative Paintings Living Room"},{"value":909,"label":"Large Paintings for the Living Room"},{"value":912,"label":"Bedroom Paintings"},{"value":916,"label":"Bedroom Paintings"},{"value":915,"label":"Modern Living Room Paintings"},{"value":913,"label":"Relaxing Paintings for the Living Room"},{"value":867,"label":"Gender Scene"},{"value":862,"label":"Naturaleza"},{"value":870,"label":"Paisajismo"},{"value":1061,"label":"Pilar Sagarra Moor"},{"value":854,"label":"Painting"}],"product_tag":[{"value":980,"label":"acr\u00edlico"},{"value":1287,"label":"flores"},{"value":1310,"label":"interiores"},{"value":922,"label":"lienzo"},{"value":1050,"label":"metacrilato"},{"value":1286,"label":"naturaleza muerta"},{"value":921,"label":"\u00f3leo"},{"value":1257,"label":"oto\u00f1o"},{"value":987,"label":"t\u00e9cnica mixta"}]},"featured_image_src_large":["https:\/\/lanzaroteartgallery.com\/wp-content\/uploads\/2023\/06\/SagarraMoor-Pilar-17826397V2F27_Baja_C389raseunavez20203B100x81x4cmPeso7kgMixtasobremetacrilato-842x1024.jpg",842,1024,true],"author_info":[],"comment_info":"","_links":{"self":[{"href":"https:\/\/lanzaroteartgallery.com\/en\/wp-json\/wp\/v2\/product\/11811","targetHints":{"allow":["GET"]}}],"collection":[{"href":"https:\/\/lanzaroteartgallery.com\/en\/wp-json\/wp\/v2\/product"}],"about":[{"href":"https:\/\/lanzaroteartgallery.com\/en\/wp-json\/wp\/v2\/types\/product"}],"wp:featuredmedia":[{"embeddable":true,"href":"https:\/\/lanzaroteartgallery.com\/en\/wp-json\/wp\/v2\/media\/11675"}],"wp:attachment":[{"href":"https:\/\/lanzaroteartgallery.com\/en\/wp-json\/wp\/v2\/media?parent=11811"}],"wp:term":[{"taxonomy":"product_brand","embeddable":true,"href":"https:\/\/lanzaroteartgallery.com\/en\/wp-json\/wp\/v2\/product_brand?post=11811"},{"taxonomy":"product_cat","embeddable":true,"href":"https:\/\/lanzaroteartgallery.com\/en\/wp-json\/wp\/v2\/product_cat?post=11811"},{"taxonomy":"product_tag","embeddable":true,"href":"https:\/\/lanzaroteartgallery.com\/en\/wp-json\/wp\/v2\/product_tag?post=11811"}],"curies":[{"name":"wp","href":"https:\/\/api.w.org\/{rel}","templated":true}]}}