{"id":11809,"date":"2023-06-14T11:09:39","date_gmt":"2023-06-14T10:09:39","guid":{"rendered":"https:\/\/lanzaroteartgallery.com\/obra\/bosque-de-suenos-iii\/"},"modified":"2023-09-21T18:18:14","modified_gmt":"2023-09-21T17:18:14","slug":"bosque-de-suenos-iii","status":"publish","type":"product","link":"https:\/\/lanzaroteartgallery.com\/en\/work\/bosque-de-suenos-iii\/","title":{"rendered":"Bosque de sue\u00f1os III"},"content":{"rendered":"<p>El amor al entorno y la naturaleza, buscando el recogimiento y la espiritualidad que de ella emana.<\/p>\n","protected":false},"excerpt":{"rendered":"<p>T\u00e9cnica mixta sobre metacrilato y lienzo<\/p>\n","protected":false},"featured_media":11671,"template":"","meta":{"_kad_blocks_custom_css":"","_kad_blocks_head_custom_js":"","_kad_blocks_body_custom_js":"","_kad_blocks_footer_custom_js":""},"product_brand":[],"product_cat":[860,865,910,914,911,909,912,916,917,915,913,867,862,870,1061,854],"product_tag":[980,1287,1310,922,1339,1050,1236,921,1257,987,1384],"class_list":{"0":"post-11809","1":"product","2":"type-product","3":"status-publish","4":"has-post-thumbnail","6":"product_cat-abstracto","7":"product_cat-conceptual","8":"product_cat-cuadro-grande","9":"product_cat-cuadros-decoracion-salon","10":"product_cat-cuadros-decorativos-salon","11":"product_cat-cuadros-grandes-para-salon","12":"product_cat-cuadros-habitacion","13":"product_cat-cuadros-para-dormitorios","14":"product_cat-cuadros-para-pasillos","15":"product_cat-cuadros-para-salon-modernos","16":"product_cat-cuadros-relajantes-para-salon","17":"product_cat-escena-de-genero","18":"product_cat-naturaleza","19":"product_cat-paisajismo","20":"product_cat-pilar-sagarra-moor","21":"product_cat-pintura","22":"product_tag-acrilico","23":"product_tag-flores","24":"product_tag-interiores","25":"product_tag-lienzo","26":"product_tag-lienzo-flores","27":"product_tag-metacrilato","28":"product_tag-naturaleza","29":"product_tag-oleo","30":"product_tag-otono","31":"product_tag-tecnica-mixta","32":"product_tag-verde","34":"first","35":"instock","36":"taxable","37":"shipping-taxable","38":"purchasable","39":"product-type-simple"},"aioseo_notices":[],"taxonomy_info":{"product_cat":[{"value":860,"label":"Abstract"},{"value":865,"label":"Conceptual"},{"value":910,"label":"Big Picture"},{"value":914,"label":"Paintings Living Room Decoration"},{"value":911,"label":"Decorative Paintings Living Room"},{"value":909,"label":"Large Paintings for the Living Room"},{"value":912,"label":"Bedroom Paintings"},{"value":916,"label":"Bedroom Paintings"},{"value":917,"label":"Corridor Paintings"},{"value":915,"label":"Modern Living Room Paintings"},{"value":913,"label":"Relaxing Paintings for the Living Room"},{"value":867,"label":"Gender Scene"},{"value":862,"label":"Naturaleza"},{"value":870,"label":"Paisajismo"},{"value":1061,"label":"Pilar Sagarra Moor"},{"value":854,"label":"Painting"}],"product_tag":[{"value":980,"label":"acr\u00edlico"},{"value":1287,"label":"flores"},{"value":1310,"label":"interiores"},{"value":922,"label":"lienzo"},{"value":1339,"label":"lienzo Flores"},{"value":1050,"label":"metacrilato"},{"value":1236,"label":"naturaleza"},{"value":921,"label":"\u00f3leo"},{"value":1257,"label":"oto\u00f1o"},{"value":987,"label":"t\u00e9cnica mixta"},{"value":1384,"label":"verde"}]},"featured_image_src_large":["https:\/\/lanzaroteartgallery.com\/wp-content\/uploads\/2023\/06\/SagarraMoor-Pilar-17826397V2FBosquedesueC3B1osIII-848x1024.jpg",848,1024,true],"author_info":[],"comment_info":"","_links":{"self":[{"href":"https:\/\/lanzaroteartgallery.com\/en\/wp-json\/wp\/v2\/product\/11809","targetHints":{"allow":["GET"]}}],"collection":[{"href":"https:\/\/lanzaroteartgallery.com\/en\/wp-json\/wp\/v2\/product"}],"about":[{"href":"https:\/\/lanzaroteartgallery.com\/en\/wp-json\/wp\/v2\/types\/product"}],"wp:featuredmedia":[{"embeddable":true,"href":"https:\/\/lanzaroteartgallery.com\/en\/wp-json\/wp\/v2\/media\/11671"}],"wp:attachment":[{"href":"https:\/\/lanzaroteartgallery.com\/en\/wp-json\/wp\/v2\/media?parent=11809"}],"wp:term":[{"taxonomy":"product_brand","embeddable":true,"href":"https:\/\/lanzaroteartgallery.com\/en\/wp-json\/wp\/v2\/product_brand?post=11809"},{"taxonomy":"product_cat","embeddable":true,"href":"https:\/\/lanzaroteartgallery.com\/en\/wp-json\/wp\/v2\/product_cat?post=11809"},{"taxonomy":"product_tag","embeddable":true,"href":"https:\/\/lanzaroteartgallery.com\/en\/wp-json\/wp\/v2\/product_tag?post=11809"}],"curies":[{"name":"wp","href":"https:\/\/api.w.org\/{rel}","templated":true}]}}