{"id":11590,"date":"2023-06-06T12:49:13","date_gmt":"2023-06-06T11:49:13","guid":{"rendered":"https:\/\/lanzaroteartgallery.com\/obra\/o-baile\/"},"modified":"2023-09-20T19:54:48","modified_gmt":"2023-09-20T18:54:48","slug":"o-baile","status":"publish","type":"product","link":"https:\/\/lanzaroteartgallery.com\/en\/work\/o-baile\/","title":{"rendered":"O baile"},"content":{"rendered":"<p>En &#8220;O Baile&#8221; El flujo del movimiento refleja a trav\u00e9s del uso del color y la de l\u00edneas din\u00e1micas y gestuales. Puedes captar la energ\u00eda y la pasi\u00f3n que emana de su cuerpo en movimiento, que revelan la emotividad y la entrega total de la bailarina .<\/p>","protected":false},"excerpt":{"rendered":"<p>acr\u00edlico sobre lienzo tensado en bastidor de madera<\/p>\n","protected":false},"featured_media":11594,"template":"","meta":{"_kad_blocks_custom_css":"","_kad_blocks_head_custom_js":"","_kad_blocks_body_custom_js":"","_kad_blocks_footer_custom_js":""},"product_brand":[],"product_cat":[601,621,865,910,914,911,909,912,917,913,867,1449,854,866,863],"product_tag":[952,937,965,923,922,938],"class_list":{"0":"post-11590","1":"product","2":"type-product","3":"status-publish","4":"has-post-thumbnail","6":"product_cat-arte-global-artistas","7":"product_cat-begona-lafuente-lopez","8":"product_cat-conceptual","9":"product_cat-cuadro-grande","10":"product_cat-cuadros-decoracion-salon","11":"product_cat-cuadros-decorativos-salon","12":"product_cat-cuadros-grandes-para-salon","13":"product_cat-cuadros-habitacion","14":"product_cat-cuadros-para-pasillos","15":"product_cat-cuadros-relajantes-para-salon","16":"product_cat-escena-de-genero","17":"product_cat-figurativo","18":"product_cat-pintura","19":"product_cat-desnudo","20":"product_cat-autorretrato","21":"product_tag-abstracto","22":"product_tag-desnudo","23":"product_tag-escenas-de-erotismo","24":"product_tag-figurativo","25":"product_tag-lienzo","26":"product_tag-mujer","28":"first","29":"instock","30":"taxable","31":"shipping-taxable","32":"purchasable","33":"product-type-simple"},"aioseo_notices":[],"taxonomy_info":{"product_cat":[{"value":601,"label":"Art Space"},{"value":621,"label":"Bego\u00f1a Lafuente"},{"value":865,"label":"Conceptual"},{"value":910,"label":"Big Picture"},{"value":914,"label":"Paintings Living Room Decoration"},{"value":911,"label":"Decorative Paintings Living Room"},{"value":909,"label":"Large Paintings for the Living Room"},{"value":912,"label":"Bedroom Paintings"},{"value":917,"label":"Corridor Paintings"},{"value":913,"label":"Relaxing Paintings for the Living Room"},{"value":867,"label":"Gender Scene"},{"value":1449,"label":"Figurative"},{"value":854,"label":"Painting"},{"value":866,"label":"Nude"},{"value":863,"label":"Retrato"}],"product_tag":[{"value":952,"label":"abstracto"},{"value":937,"label":"Desnudo"},{"value":965,"label":"escenas de erotismo"},{"value":923,"label":"figurativo"},{"value":922,"label":"lienzo"},{"value":938,"label":"mujer"}]},"featured_image_src_large":["https:\/\/lanzaroteartgallery.com\/wp-content\/uploads\/2023\/06\/O-Baile-1024x1024.jpeg",1024,1024,true],"author_info":[],"comment_info":"","_links":{"self":[{"href":"https:\/\/lanzaroteartgallery.com\/en\/wp-json\/wp\/v2\/product\/11590","targetHints":{"allow":["GET"]}}],"collection":[{"href":"https:\/\/lanzaroteartgallery.com\/en\/wp-json\/wp\/v2\/product"}],"about":[{"href":"https:\/\/lanzaroteartgallery.com\/en\/wp-json\/wp\/v2\/types\/product"}],"wp:featuredmedia":[{"embeddable":true,"href":"https:\/\/lanzaroteartgallery.com\/en\/wp-json\/wp\/v2\/media\/11594"}],"wp:attachment":[{"href":"https:\/\/lanzaroteartgallery.com\/en\/wp-json\/wp\/v2\/media?parent=11590"}],"wp:term":[{"taxonomy":"product_brand","embeddable":true,"href":"https:\/\/lanzaroteartgallery.com\/en\/wp-json\/wp\/v2\/product_brand?post=11590"},{"taxonomy":"product_cat","embeddable":true,"href":"https:\/\/lanzaroteartgallery.com\/en\/wp-json\/wp\/v2\/product_cat?post=11590"},{"taxonomy":"product_tag","embeddable":true,"href":"https:\/\/lanzaroteartgallery.com\/en\/wp-json\/wp\/v2\/product_tag?post=11590"}],"curies":[{"name":"wp","href":"https:\/\/api.w.org\/{rel}","templated":true}]}}