{"id":11586,"date":"2023-06-06T12:49:08","date_gmt":"2023-06-06T11:49:08","guid":{"rendered":"https:\/\/lanzaroteartgallery.com\/obra\/sumergida-en-el-otono\/"},"modified":"2023-09-20T13:01:45","modified_gmt":"2023-09-20T12:01:45","slug":"sumergida-en-el-otono","status":"publish","type":"product","link":"https:\/\/lanzaroteartgallery.com\/en\/work\/sumergida-en-el-otono\/","title":{"rendered":"Sumergida en el Oto\u00f1o"},"content":{"rendered":"<p>Sumergida en el oto\u00f1o invita a reconectar con el asombro y la vitalidad de nuestra ni\u00f1ez interior. El fondo rojo simboliza la intensidad de las experiencias y emociones del crecimiento. Espero que esta obra despierte recuerdos y sue\u00f1os<\/p>\n","protected":false},"excerpt":{"rendered":"<p>acr\u00edlico y collage (tela pintada) sobre lienzo<\/p>\n","protected":false},"featured_media":11585,"template":"","meta":{"_kad_blocks_custom_css":"","_kad_blocks_head_custom_js":"","_kad_blocks_body_custom_js":"","_kad_blocks_footer_custom_js":""},"product_brand":[],"product_cat":[910,914,911,909,912,915,913],"product_tag":[980,986,985,923,922,938,949,987],"class_list":{"0":"post-11586","1":"product","2":"type-product","3":"status-publish","4":"has-post-thumbnail","6":"product_cat-cuadro-grande","7":"product_cat-cuadros-decoracion-salon","8":"product_cat-cuadros-decorativos-salon","9":"product_cat-cuadros-grandes-para-salon","10":"product_cat-cuadros-habitacion","11":"product_cat-cuadros-para-salon-modernos","12":"product_cat-cuadros-relajantes-para-salon","13":"product_tag-acrilico","14":"product_tag-femenino","15":"product_tag-figura-humana","16":"product_tag-figurativo","17":"product_tag-lienzo","18":"product_tag-mujer","19":"product_tag-rojo","20":"product_tag-tecnica-mixta","22":"first","23":"instock","24":"taxable","25":"shipping-taxable","26":"purchasable","27":"product-type-simple"},"aioseo_notices":[],"taxonomy_info":{"product_cat":[{"value":910,"label":"Big Picture"},{"value":914,"label":"Paintings Living Room Decoration"},{"value":911,"label":"Decorative Paintings Living Room"},{"value":909,"label":"Large Paintings for the Living Room"},{"value":912,"label":"Bedroom Paintings"},{"value":915,"label":"Modern Living Room Paintings"},{"value":913,"label":"Relaxing Paintings for the Living Room"}],"product_tag":[{"value":980,"label":"acr\u00edlico"},{"value":986,"label":"femenino"},{"value":985,"label":"figura humana"},{"value":923,"label":"figurativo"},{"value":922,"label":"lienzo"},{"value":938,"label":"mujer"},{"value":949,"label":"rojo"},{"value":987,"label":"t\u00e9cnica mixta"}]},"featured_image_src_large":["https:\/\/lanzaroteartgallery.com\/wp-content\/uploads\/2023\/06\/LafuenteLC3B3pez-MarC3ADaBegoC3B1a-05405735E2FotoC3B1orojobis-lr-1024x1024.jpg",1024,1024,true],"author_info":[],"comment_info":"","_links":{"self":[{"href":"https:\/\/lanzaroteartgallery.com\/en\/wp-json\/wp\/v2\/product\/11586","targetHints":{"allow":["GET"]}}],"collection":[{"href":"https:\/\/lanzaroteartgallery.com\/en\/wp-json\/wp\/v2\/product"}],"about":[{"href":"https:\/\/lanzaroteartgallery.com\/en\/wp-json\/wp\/v2\/types\/product"}],"wp:featuredmedia":[{"embeddable":true,"href":"https:\/\/lanzaroteartgallery.com\/en\/wp-json\/wp\/v2\/media\/11585"}],"wp:attachment":[{"href":"https:\/\/lanzaroteartgallery.com\/en\/wp-json\/wp\/v2\/media?parent=11586"}],"wp:term":[{"taxonomy":"product_brand","embeddable":true,"href":"https:\/\/lanzaroteartgallery.com\/en\/wp-json\/wp\/v2\/product_brand?post=11586"},{"taxonomy":"product_cat","embeddable":true,"href":"https:\/\/lanzaroteartgallery.com\/en\/wp-json\/wp\/v2\/product_cat?post=11586"},{"taxonomy":"product_tag","embeddable":true,"href":"https:\/\/lanzaroteartgallery.com\/en\/wp-json\/wp\/v2\/product_tag?post=11586"}],"curies":[{"name":"wp","href":"https:\/\/api.w.org\/{rel}","templated":true}]}}