{"id":11480,"date":"2023-05-22T19:30:35","date_gmt":"2023-05-22T18:30:35","guid":{"rendered":"https:\/\/lanzaroteartgallery.com\/?post_type=product&#038;p=11480"},"modified":"2023-07-24T13:15:16","modified_gmt":"2023-07-24T12:15:16","slug":"end-of-play-ii","status":"publish","type":"product","link":"https:\/\/lanzaroteartgallery.com\/en\/work\/end-of-play-ii\/","title":{"rendered":"End-of-Play-II"},"content":{"rendered":"","protected":false},"excerpt":{"rendered":"<p>Estampa Digital en papel Canson 310 grs\u00a0 Edici\u00f3n limitada a 50 unidades. Firmadas y certificado de autenticidad, con todas las garant\u00edas de producci\u00f3n de calidad<\/p>\n","protected":false},"featured_media":9505,"template":"","meta":{"_kad_blocks_custom_css":"","_kad_blocks_head_custom_js":"","_kad_blocks_body_custom_js":"","_kad_blocks_footer_custom_js":""},"product_brand":[],"product_cat":[641,915,916,910,911,912],"product_tag":[1438,1439,954],"class_list":{"0":"post-11480","1":"product","2":"type-product","3":"status-publish","4":"has-post-thumbnail","6":"product_cat-juan-cossio","7":"product_cat-cuadros-para-salon-modernos","8":"product_cat-cuadros-para-dormitorios","9":"product_cat-cuadro-grande","10":"product_cat-cuadros-decorativos-salon","11":"product_cat-cuadros-habitacion","12":"product_tag-estampa-digital-en-papel-especial-310-grs-edicion-limitada-a-50-unidades-firmadas-y-certificado-de-autenticidad","13":"product_tag-con-todas-las-garantias-de-produccion-de-calidad-papel","14":"product_tag-litografia","16":"first","17":"instock","18":"taxable","19":"shipping-taxable","20":"purchasable","21":"product-type-simple"},"aioseo_notices":[],"taxonomy_info":{"product_cat":[{"value":641,"label":"Juan Cossio"},{"value":915,"label":"Modern Living Room Paintings"},{"value":916,"label":"Bedroom Paintings"},{"value":910,"label":"Big Picture"},{"value":911,"label":"Decorative Paintings Living Room"},{"value":912,"label":"Bedroom Paintings"}],"product_tag":[{"value":1438,"label":"Estampa Digital en papel Especial 310 grs- Edici\u00f3n limitada a 50 unidades. Firmadas y certificado de autenticidad"},{"value":1439,"label":"con todas las garant\u00edas de producci\u00f3n de calidad. papel"},{"value":954,"label":"litograf\u00eda"}]},"featured_image_src_large":["https:\/\/lanzaroteartgallery.com\/wp-content\/uploads\/2022\/05\/End-of-Play-II110-x-140-cms-copia.jpeg",783,1000,false],"author_info":[],"comment_info":"","_links":{"self":[{"href":"https:\/\/lanzaroteartgallery.com\/en\/wp-json\/wp\/v2\/product\/11480","targetHints":{"allow":["GET"]}}],"collection":[{"href":"https:\/\/lanzaroteartgallery.com\/en\/wp-json\/wp\/v2\/product"}],"about":[{"href":"https:\/\/lanzaroteartgallery.com\/en\/wp-json\/wp\/v2\/types\/product"}],"wp:featuredmedia":[{"embeddable":true,"href":"https:\/\/lanzaroteartgallery.com\/en\/wp-json\/wp\/v2\/media\/9505"}],"wp:attachment":[{"href":"https:\/\/lanzaroteartgallery.com\/en\/wp-json\/wp\/v2\/media?parent=11480"}],"wp:term":[{"taxonomy":"product_brand","embeddable":true,"href":"https:\/\/lanzaroteartgallery.com\/en\/wp-json\/wp\/v2\/product_brand?post=11480"},{"taxonomy":"product_cat","embeddable":true,"href":"https:\/\/lanzaroteartgallery.com\/en\/wp-json\/wp\/v2\/product_cat?post=11480"},{"taxonomy":"product_tag","embeddable":true,"href":"https:\/\/lanzaroteartgallery.com\/en\/wp-json\/wp\/v2\/product_tag?post=11480"}],"curies":[{"name":"wp","href":"https:\/\/api.w.org\/{rel}","templated":true}]}}