{"id":11217,"date":"2023-04-04T18:43:23","date_gmt":"2023-04-04T17:43:23","guid":{"rendered":"https:\/\/lanzaroteartgallery.com\/?post_type=product&#038;p=11217"},"modified":"2024-02-02T18:41:57","modified_gmt":"2024-02-02T18:41:57","slug":"otono-onirico","status":"publish","type":"product","link":"https:\/\/lanzaroteartgallery.com\/en\/work\/otono-onirico\/","title":{"rendered":"Oto\u00f1o On\u00edrico"},"content":{"rendered":"","protected":false},"excerpt":{"rendered":"<p>El oto\u00f1o con sus colores que desaf\u00edan el verde com\u00fan de la naturaleza nos dan sensaciones tan placenteras que pueden calificarse de on\u00edricas. Por eso el t\u00edtulo Oto\u00f1o On\u00edrico. Este cuadro se pint\u00f3 despu\u00e9s de un oto\u00f1o en Canad\u00e1.<\/p>\n","protected":false},"featured_media":11216,"template":"","meta":{"_kad_blocks_custom_css":"","_kad_blocks_head_custom_js":"","_kad_blocks_body_custom_js":"","_kad_blocks_footer_custom_js":""},"product_brand":[],"product_cat":[860,920,865,910,911,913,868,869,862,845,854],"product_tag":[1260,1259,1052,922,1051,921,1257,926,1258],"class_list":{"0":"post-11217","1":"product","2":"type-product","3":"status-publish","4":"has-post-thumbnail","6":"product_cat-abstracto","7":"product_cat-artistas-lanzarote","8":"product_cat-conceptual","9":"product_cat-cuadro-grande","10":"product_cat-cuadros-decorativos-salon","11":"product_cat-cuadros-relajantes-para-salon","12":"product_cat-fantasia","13":"product_cat-fashion","14":"product_cat-naturaleza","15":"product_cat-oscar-luis-amador-garcia","16":"product_cat-pintura","17":"product_tag-arlequin","18":"product_tag-espacio","19":"product_tag-jazz","20":"product_tag-lienzo","21":"product_tag-madera","22":"product_tag-oleo","23":"product_tag-otono","24":"product_tag-papel","25":"product_tag-pensamiento","27":"first","28":"instock","29":"taxable","30":"shipping-taxable","31":"purchasable","32":"product-type-simple"},"aioseo_notices":[],"taxonomy_info":{"product_cat":[{"value":860,"label":"Abstract"},{"value":920,"label":"Lanzarote Artists"},{"value":865,"label":"Conceptual"},{"value":910,"label":"Big Picture"},{"value":911,"label":"Decorative Paintings Living Room"},{"value":913,"label":"Relaxing Paintings for the Living Room"},{"value":868,"label":"Fantasy"},{"value":869,"label":"Fashion"},{"value":862,"label":"Naturaleza"},{"value":845,"label":"\u00d3scar Luis Amador Garc\u00eda"},{"value":854,"label":"Painting"}],"product_tag":[{"value":1260,"label":"arlequin"},{"value":1259,"label":"espacio"},{"value":1052,"label":"jazz"},{"value":922,"label":"lienzo"},{"value":1051,"label":"madera"},{"value":921,"label":"\u00f3leo"},{"value":1257,"label":"oto\u00f1o"},{"value":926,"label":"papel"},{"value":1258,"label":"pensamiento"}]},"featured_image_src_large":["https:\/\/lanzaroteartgallery.com\/wp-content\/uploads\/2023\/04\/2-1-52FOtonCC83o_oniCC81ricocopia-1024x1024.jpg",1024,1024,true],"author_info":[],"comment_info":"","_links":{"self":[{"href":"https:\/\/lanzaroteartgallery.com\/en\/wp-json\/wp\/v2\/product\/11217","targetHints":{"allow":["GET"]}}],"collection":[{"href":"https:\/\/lanzaroteartgallery.com\/en\/wp-json\/wp\/v2\/product"}],"about":[{"href":"https:\/\/lanzaroteartgallery.com\/en\/wp-json\/wp\/v2\/types\/product"}],"wp:featuredmedia":[{"embeddable":true,"href":"https:\/\/lanzaroteartgallery.com\/en\/wp-json\/wp\/v2\/media\/11216"}],"wp:attachment":[{"href":"https:\/\/lanzaroteartgallery.com\/en\/wp-json\/wp\/v2\/media?parent=11217"}],"wp:term":[{"taxonomy":"product_brand","embeddable":true,"href":"https:\/\/lanzaroteartgallery.com\/en\/wp-json\/wp\/v2\/product_brand?post=11217"},{"taxonomy":"product_cat","embeddable":true,"href":"https:\/\/lanzaroteartgallery.com\/en\/wp-json\/wp\/v2\/product_cat?post=11217"},{"taxonomy":"product_tag","embeddable":true,"href":"https:\/\/lanzaroteartgallery.com\/en\/wp-json\/wp\/v2\/product_tag?post=11217"}],"curies":[{"name":"wp","href":"https:\/\/api.w.org\/{rel}","templated":true}]}}