{"id":11182,"date":"2023-03-31T11:08:26","date_gmt":"2023-03-31T10:08:26","guid":{"rendered":"https:\/\/lanzaroteartgallery.com\/?post_type=product&#038;p=11182"},"modified":"2024-02-02T18:43:31","modified_gmt":"2024-02-02T18:43:31","slug":"jass-mania","status":"publish","type":"product","link":"https:\/\/lanzaroteartgallery.com\/en\/work\/jazz-mania\/","title":{"rendered":"Jazz Man\u00eda"},"content":{"rendered":"","protected":false},"excerpt":{"rendered":"<p>La m\u00fasica es una sensaci\u00f3n inmediata que desaparece. He intentado aprehender el ambiente y las vivencias para hermanar la pintura con la m\u00fasica y no olvidarla.<\/p>\n","protected":false},"featured_media":11181,"template":"","meta":{"_kad_blocks_custom_css":"","_kad_blocks_head_custom_js":"","_kad_blocks_body_custom_js":"","_kad_blocks_footer_custom_js":""},"product_brand":[],"product_cat":[920,864,910,911,913,867,1449,845,854,872],"product_tag":[1260,1259,1052,922,1051,921,1257,926,1258],"class_list":{"0":"post-11182","1":"product","2":"type-product","3":"status-publish","4":"has-post-thumbnail","6":"product_cat-artistas-lanzarote","7":"product_cat-bodegon","8":"product_cat-cuadro-grande","9":"product_cat-cuadros-decorativos-salon","10":"product_cat-cuadros-relajantes-para-salon","11":"product_cat-escena-de-genero","12":"product_cat-figurativo","13":"product_cat-oscar-luis-amador-garcia","14":"product_cat-pintura","15":"product_cat-street-art","16":"product_tag-arlequin","17":"product_tag-espacio","18":"product_tag-jazz","19":"product_tag-lienzo","20":"product_tag-madera","21":"product_tag-oleo","22":"product_tag-otono","23":"product_tag-papel","24":"product_tag-pensamiento","26":"first","27":"instock","28":"taxable","29":"shipping-taxable","30":"purchasable","31":"product-type-simple"},"aioseo_notices":[],"taxonomy_info":{"product_cat":[{"value":920,"label":"Lanzarote Artists"},{"value":864,"label":"Still life"},{"value":910,"label":"Big Picture"},{"value":911,"label":"Decorative Paintings Living Room"},{"value":913,"label":"Relaxing Paintings for the Living Room"},{"value":867,"label":"Gender Scene"},{"value":1449,"label":"Figurative"},{"value":845,"label":"\u00d3scar Luis Amador Garc\u00eda"},{"value":854,"label":"Painting"},{"value":872,"label":"Street Art"}],"product_tag":[{"value":1260,"label":"arlequin"},{"value":1259,"label":"espacio"},{"value":1052,"label":"jazz"},{"value":922,"label":"lienzo"},{"value":1051,"label":"madera"},{"value":921,"label":"\u00f3leo"},{"value":1257,"label":"oto\u00f1o"},{"value":926,"label":"papel"},{"value":1258,"label":"pensamiento"}]},"featured_image_src_large":["https:\/\/lanzaroteartgallery.com\/wp-content\/uploads\/2023\/03\/AmadorGarcC3ADa-C393scarLuis-42741904S2FIMG_0463.jpg",617,800,false],"author_info":[],"comment_info":"","_links":{"self":[{"href":"https:\/\/lanzaroteartgallery.com\/en\/wp-json\/wp\/v2\/product\/11182","targetHints":{"allow":["GET"]}}],"collection":[{"href":"https:\/\/lanzaroteartgallery.com\/en\/wp-json\/wp\/v2\/product"}],"about":[{"href":"https:\/\/lanzaroteartgallery.com\/en\/wp-json\/wp\/v2\/types\/product"}],"wp:featuredmedia":[{"embeddable":true,"href":"https:\/\/lanzaroteartgallery.com\/en\/wp-json\/wp\/v2\/media\/11181"}],"wp:attachment":[{"href":"https:\/\/lanzaroteartgallery.com\/en\/wp-json\/wp\/v2\/media?parent=11182"}],"wp:term":[{"taxonomy":"product_brand","embeddable":true,"href":"https:\/\/lanzaroteartgallery.com\/en\/wp-json\/wp\/v2\/product_brand?post=11182"},{"taxonomy":"product_cat","embeddable":true,"href":"https:\/\/lanzaroteartgallery.com\/en\/wp-json\/wp\/v2\/product_cat?post=11182"},{"taxonomy":"product_tag","embeddable":true,"href":"https:\/\/lanzaroteartgallery.com\/en\/wp-json\/wp\/v2\/product_tag?post=11182"}],"curies":[{"name":"wp","href":"https:\/\/api.w.org\/{rel}","templated":true}]}}