{"id":11143,"date":"2023-03-28T13:38:29","date_gmt":"2023-03-28T12:38:29","guid":{"rendered":"https:\/\/lanzaroteartgallery.com\/en\/?post_type=product&#038;p=11143"},"modified":"2023-09-19T20:28:24","modified_gmt":"2023-09-19T19:28:24","slug":"puerto-2","status":"publish","type":"product","link":"https:\/\/lanzaroteartgallery.com\/en\/work\/puerto\/","title":{"rendered":"Puerto"},"content":{"rendered":"","protected":false},"excerpt":{"rendered":"<p class=\"p1\">Atardecer en las R\u00edas Baixas gallegas<\/p>\n","protected":false},"featured_media":4417,"template":"","meta":{"_kad_blocks_custom_css":"","_kad_blocks_head_custom_js":"","_kad_blocks_body_custom_js":"","_kad_blocks_footer_custom_js":""},"product_brand":[],"product_cat":[860,557,864,865,910,914,911,909,912,919,918,916,917,915,913,867,868,869,870,854,872],"product_tag":[1226,1421,1232,980,1239,1234,1445,1235,922,1242,1051,1228,1406,1236,1240,1231,1241,1227,987,1230,1237,1229,1238,1233],"class_list":{"0":"post-11143","1":"product","2":"type-product","3":"status-publish","4":"has-post-thumbnail","6":"product_cat-abstracto","7":"product_cat-ana-reynols","8":"product_cat-bodegon","9":"product_cat-conceptual","10":"product_cat-cuadro-grande","11":"product_cat-cuadros-decoracion-salon","12":"product_cat-cuadros-decorativos-salon","13":"product_cat-cuadros-grandes-para-salon","14":"product_cat-cuadros-habitacion","15":"product_cat-cuadros-para-banos","16":"product_cat-cuadros-para-cocinas","17":"product_cat-cuadros-para-dormitorios","18":"product_cat-cuadros-para-pasillos","19":"product_cat-cuadros-para-salon-modernos","20":"product_cat-cuadros-relajantes-para-salon","21":"product_cat-escena-de-genero","22":"product_cat-fantasia","23":"product_cat-fashion","24":"product_cat-paisajismo","25":"product_cat-pintura","26":"product_cat-street-art","27":"product_tag-acero","28":"product_tag-acero-corten","29":"product_tag-acero-oxidado","30":"product_tag-acrilico","31":"product_tag-espigon","32":"product_tag-fondo-de-mar","33":"product_tag-hierro","34":"product_tag-laton","35":"product_tag-lienzo","36":"product_tag-lisboa","37":"product_tag-madera","38":"product_tag-metal","39":"product_tag-metal-oxidado","40":"product_tag-naturaleza","41":"product_tag-olas","42":"product_tag-pinceladas","43":"product_tag-portugal","44":"product_tag-tabla","45":"product_tag-tecnica-mixta","46":"product_tag-tranvia","47":"product_tag-urbanismo","48":"product_tag-vela-marina","49":"product_tag-vida-urbana","50":"product_tag-viento","52":"first","53":"instock","54":"taxable","55":"shipping-taxable","56":"purchasable","57":"product-type-simple"},"aioseo_notices":[],"taxonomy_info":{"product_cat":[{"value":860,"label":"Abstract"},{"value":557,"label":"Ana Reynolds"},{"value":864,"label":"Still life"},{"value":865,"label":"Conceptual"},{"value":910,"label":"Big Picture"},{"value":914,"label":"Paintings Living Room Decoration"},{"value":911,"label":"Decorative Paintings Living Room"},{"value":909,"label":"Large Paintings for the Living Room"},{"value":912,"label":"Bedroom Paintings"},{"value":919,"label":"Pictures for bathrooms"},{"value":918,"label":"Pictures for Kitchens"},{"value":916,"label":"Bedroom Paintings"},{"value":917,"label":"Corridor Paintings"},{"value":915,"label":"Modern Living Room Paintings"},{"value":913,"label":"Relaxing Paintings for the Living Room"},{"value":867,"label":"Gender Scene"},{"value":868,"label":"Fantasy"},{"value":869,"label":"Fashion"},{"value":870,"label":"Paisajismo"},{"value":854,"label":"Painting"},{"value":872,"label":"Street Art"}],"product_tag":[{"value":1226,"label":"acero"},{"value":1421,"label":"Acero corten"},{"value":1232,"label":"acero oxidado"},{"value":980,"label":"acr\u00edlico"},{"value":1239,"label":"espig\u00f3n"},{"value":1234,"label":"fondo de mar"},{"value":1445,"label":"hierro"},{"value":1235,"label":"lat\u00f3n"},{"value":922,"label":"lienzo"},{"value":1242,"label":"lisboa"},{"value":1051,"label":"madera"},{"value":1228,"label":"metal"},{"value":1406,"label":"metal oxidado"},{"value":1236,"label":"naturaleza"},{"value":1240,"label":"olas"},{"value":1231,"label":"pinceladas"},{"value":1241,"label":"portugal"},{"value":1227,"label":"tabla"},{"value":987,"label":"t\u00e9cnica mixta"},{"value":1230,"label":"tranv\u00eda"},{"value":1237,"label":"urbanismo"},{"value":1229,"label":"vela marina"},{"value":1238,"label":"vida urbana"},{"value":1233,"label":"viento"}]},"featured_image_src_large":["https:\/\/lanzaroteartgallery.com\/wp-content\/uploads\/2021\/05\/Puerto-1024x999.jpg",1024,999,true],"author_info":[],"comment_info":"","_links":{"self":[{"href":"https:\/\/lanzaroteartgallery.com\/en\/wp-json\/wp\/v2\/product\/11143","targetHints":{"allow":["GET"]}}],"collection":[{"href":"https:\/\/lanzaroteartgallery.com\/en\/wp-json\/wp\/v2\/product"}],"about":[{"href":"https:\/\/lanzaroteartgallery.com\/en\/wp-json\/wp\/v2\/types\/product"}],"wp:featuredmedia":[{"embeddable":true,"href":"https:\/\/lanzaroteartgallery.com\/en\/wp-json\/wp\/v2\/media\/4417"}],"wp:attachment":[{"href":"https:\/\/lanzaroteartgallery.com\/en\/wp-json\/wp\/v2\/media?parent=11143"}],"wp:term":[{"taxonomy":"product_brand","embeddable":true,"href":"https:\/\/lanzaroteartgallery.com\/en\/wp-json\/wp\/v2\/product_brand?post=11143"},{"taxonomy":"product_cat","embeddable":true,"href":"https:\/\/lanzaroteartgallery.com\/en\/wp-json\/wp\/v2\/product_cat?post=11143"},{"taxonomy":"product_tag","embeddable":true,"href":"https:\/\/lanzaroteartgallery.com\/en\/wp-json\/wp\/v2\/product_tag?post=11143"}],"curies":[{"name":"wp","href":"https:\/\/api.w.org\/{rel}","templated":true}]}}