{"id":10799,"date":"2023-02-07T12:02:43","date_gmt":"2023-02-07T12:02:43","guid":{"rendered":"https:\/\/lanzaroteartgallery.com\/?post_type=product&#038;p=10799"},"modified":"2024-03-06T20:29:06","modified_gmt":"2024-03-06T20:29:06","slug":"solsticio-2022","status":"publish","type":"product","link":"https:\/\/lanzaroteartgallery.com\/en\/work\/solstice-2022\/","title":{"rendered":"Solstice 2022"},"content":{"rendered":"","protected":false},"excerpt":{"rendered":"<p>De la Serie Humanos. Las ideolog\u00edas nos separan, los sue\u00f1os y la angustia nos unen. Eugene Lonesco<\/p>\n","protected":false},"featured_media":10800,"template":"","meta":{"_kad_blocks_custom_css":"","_kad_blocks_head_custom_js":"","_kad_blocks_body_custom_js":"","_kad_blocks_footer_custom_js":""},"product_brand":[],"product_cat":[860,17,865,910,914,911,909,916,917,915,620,866,863],"product_tag":[1010,952,980,923,1011,922,987],"class_list":{"0":"post-10799","1":"product","2":"type-product","3":"status-publish","4":"has-post-thumbnail","6":"product_cat-abstracto","7":"product_cat-artistas","8":"product_cat-conceptual","9":"product_cat-cuadro-grande","10":"product_cat-cuadros-decoracion-salon","11":"product_cat-cuadros-decorativos-salon","12":"product_cat-cuadros-grandes-para-salon","13":"product_cat-cuadros-para-dormitorios","14":"product_cat-cuadros-para-pasillos","15":"product_cat-cuadros-para-salon-modernos","16":"product_cat-marite-crespo","17":"product_cat-desnudo","18":"product_cat-autorretrato","19":"product_tag-abstraccion","20":"product_tag-abstracto","21":"product_tag-acrilico","22":"product_tag-figurativo","23":"product_tag-figurativo-abstracto","24":"product_tag-lienzo","25":"product_tag-tecnica-mixta","27":"first","28":"instock","29":"taxable","30":"shipping-taxable","31":"purchasable","32":"product-type-simple"},"aioseo_notices":[],"taxonomy_info":{"product_cat":[{"value":860,"label":"Abstract"},{"value":17,"label":"Artistas"},{"value":865,"label":"Conceptual"},{"value":910,"label":"Big Picture"},{"value":914,"label":"Paintings Living Room Decoration"},{"value":911,"label":"Decorative Paintings Living Room"},{"value":909,"label":"Large Paintings for the Living Room"},{"value":916,"label":"Bedroom Paintings"},{"value":917,"label":"Corridor Paintings"},{"value":915,"label":"Modern Living Room Paintings"},{"value":620,"label":"Marit\u00e9 Crespo"},{"value":866,"label":"Nude"},{"value":863,"label":"Retrato"}],"product_tag":[{"value":1010,"label":"abstracci\u00f3n"},{"value":952,"label":"abstracto"},{"value":980,"label":"acr\u00edlico"},{"value":923,"label":"figurativo"},{"value":1011,"label":"figurativo abstracto"},{"value":922,"label":"lienzo"},{"value":987,"label":"t\u00e9cnica mixta"}]},"featured_image_src_large":["https:\/\/lanzaroteartgallery.com\/wp-content\/uploads\/2023\/02\/Solsticio-2022-70-x-90-Tec.-Mixta-Lienzo-1024x803.jpg",1024,803,true],"author_info":[],"comment_info":"","_links":{"self":[{"href":"https:\/\/lanzaroteartgallery.com\/en\/wp-json\/wp\/v2\/product\/10799","targetHints":{"allow":["GET"]}}],"collection":[{"href":"https:\/\/lanzaroteartgallery.com\/en\/wp-json\/wp\/v2\/product"}],"about":[{"href":"https:\/\/lanzaroteartgallery.com\/en\/wp-json\/wp\/v2\/types\/product"}],"wp:featuredmedia":[{"embeddable":true,"href":"https:\/\/lanzaroteartgallery.com\/en\/wp-json\/wp\/v2\/media\/10800"}],"wp:attachment":[{"href":"https:\/\/lanzaroteartgallery.com\/en\/wp-json\/wp\/v2\/media?parent=10799"}],"wp:term":[{"taxonomy":"product_brand","embeddable":true,"href":"https:\/\/lanzaroteartgallery.com\/en\/wp-json\/wp\/v2\/product_brand?post=10799"},{"taxonomy":"product_cat","embeddable":true,"href":"https:\/\/lanzaroteartgallery.com\/en\/wp-json\/wp\/v2\/product_cat?post=10799"},{"taxonomy":"product_tag","embeddable":true,"href":"https:\/\/lanzaroteartgallery.com\/en\/wp-json\/wp\/v2\/product_tag?post=10799"}],"curies":[{"name":"wp","href":"https:\/\/api.w.org\/{rel}","templated":true}]}}