{"id":10711,"date":"2023-01-12T13:22:23","date_gmt":"2023-01-12T13:22:23","guid":{"rendered":"https:\/\/lanzaroteartgallery.com\/?post_type=product&#038;p=10711"},"modified":"2023-07-19T12:35:42","modified_gmt":"2023-07-19T11:35:42","slug":"titania-luna-de-saturno","status":"publish","type":"product","link":"https:\/\/lanzaroteartgallery.com\/en\/work\/titania-luna-de-saturno\/","title":{"rendered":"Titania Luna de Saturno"},"content":{"rendered":"","protected":false},"excerpt":{"rendered":"<p>Handmade ceramics\/ high temperature ceramics<\/p>\n","protected":false},"featured_media":10710,"template":"","meta":{"_kad_blocks_custom_css":"","_kad_blocks_head_custom_js":"","_kad_blocks_body_custom_js":"","_kad_blocks_footer_custom_js":""},"product_brand":[],"product_cat":[874,601,876,855],"product_tag":[1402,1419,1420,1418,1417,1416,1415],"class_list":{"0":"post-10711","1":"product","2":"type-product","3":"status-publish","4":"has-post-thumbnail","6":"product_cat-abstraccion","7":"product_cat-arte-global-artistas","8":"product_cat-conceptual-escultura","9":"product_cat-escultura","10":"product_tag-acero-corten-oxidado","11":"product_tag-alta-temperatura","12":"product_tag-ceramica-hecho-a-mano","13":"product_tag-ceramica-vidriada","14":"product_tag-cuencos","15":"product_tag-esfera","16":"product_tag-pieza-volcanica","18":"first","19":"instock","20":"taxable","21":"shipping-taxable","22":"purchasable","23":"product-type-simple"},"aioseo_notices":[],"taxonomy_info":{"product_cat":[{"value":874,"label":"Abstracci\u00f3n"},{"value":601,"label":"Art Space"},{"value":876,"label":"Conceptual"},{"value":855,"label":"Sculpture"}],"product_tag":[{"value":1402,"label":"acero corten oxidado"},{"value":1419,"label":"alta temperatura"},{"value":1420,"label":"Cer\u00e1mica Hecho a Mano"},{"value":1418,"label":"Cer\u00e1mica Vidriada"},{"value":1417,"label":"cuencos"},{"value":1416,"label":"esfera"},{"value":1415,"label":"Pieza volc\u00e1nica"}]},"featured_image_src_large":["https:\/\/lanzaroteartgallery.com\/wp-content\/uploads\/2023\/01\/Piezas-MarAlcC3B3n-234562FTitania-Luna-de-Saturno-I-768x1024.jpg",768,1024,true],"author_info":[],"comment_info":"","_links":{"self":[{"href":"https:\/\/lanzaroteartgallery.com\/en\/wp-json\/wp\/v2\/product\/10711","targetHints":{"allow":["GET"]}}],"collection":[{"href":"https:\/\/lanzaroteartgallery.com\/en\/wp-json\/wp\/v2\/product"}],"about":[{"href":"https:\/\/lanzaroteartgallery.com\/en\/wp-json\/wp\/v2\/types\/product"}],"wp:featuredmedia":[{"embeddable":true,"href":"https:\/\/lanzaroteartgallery.com\/en\/wp-json\/wp\/v2\/media\/10710"}],"wp:attachment":[{"href":"https:\/\/lanzaroteartgallery.com\/en\/wp-json\/wp\/v2\/media?parent=10711"}],"wp:term":[{"taxonomy":"product_brand","embeddable":true,"href":"https:\/\/lanzaroteartgallery.com\/en\/wp-json\/wp\/v2\/product_brand?post=10711"},{"taxonomy":"product_cat","embeddable":true,"href":"https:\/\/lanzaroteartgallery.com\/en\/wp-json\/wp\/v2\/product_cat?post=10711"},{"taxonomy":"product_tag","embeddable":true,"href":"https:\/\/lanzaroteartgallery.com\/en\/wp-json\/wp\/v2\/product_tag?post=10711"}],"curies":[{"name":"wp","href":"https:\/\/api.w.org\/{rel}","templated":true}]}}