{"id":10518,"date":"2022-11-28T17:52:28","date_gmt":"2022-11-28T17:52:28","guid":{"rendered":"https:\/\/lanzaroteartgallery.com\/obra\/nirvana\/"},"modified":"2023-09-20T13:19:11","modified_gmt":"2023-09-20T12:19:11","slug":"nirvana","status":"publish","type":"product","link":"https:\/\/lanzaroteartgallery.com\/en\/work\/nirvana\/","title":{"rendered":"Nirvana"},"content":{"rendered":"","protected":false},"excerpt":{"rendered":"<p>He nacido en espa\u00f1a, me he criado en italia, vivo en francia, trabajo en inglaterra, descanso en portugal y s\u00f3lo hablo alem\u00e1n<\/p>\n","protected":false},"featured_media":10517,"template":"","meta":{"_kad_blocks_custom_css":"","_kad_blocks_head_custom_js":"","_kad_blocks_body_custom_js":"","_kad_blocks_footer_custom_js":""},"product_brand":[],"product_cat":[865,910,911,912,868,869,854],"product_tag":[980,926],"class_list":{"0":"post-10518","1":"product","2":"type-product","3":"status-publish","4":"has-post-thumbnail","6":"product_cat-conceptual","7":"product_cat-cuadro-grande","8":"product_cat-cuadros-decorativos-salon","9":"product_cat-cuadros-habitacion","10":"product_cat-fantasia","11":"product_cat-fashion","12":"product_cat-pintura","13":"product_tag-acrilico","14":"product_tag-papel","16":"first","17":"instock","18":"taxable","19":"shipping-taxable","20":"purchasable","21":"product-type-simple"},"aioseo_notices":[],"taxonomy_info":{"product_cat":[{"value":865,"label":"Conceptual"},{"value":910,"label":"Big Picture"},{"value":911,"label":"Decorative Paintings Living Room"},{"value":912,"label":"Bedroom Paintings"},{"value":868,"label":"Fantasy"},{"value":869,"label":"Fashion"},{"value":854,"label":"Painting"}],"product_tag":[{"value":980,"label":"acr\u00edlico"},{"value":926,"label":"papel"}]},"featured_image_src_large":["https:\/\/lanzaroteartgallery.com\/wp-content\/uploads\/2022\/11\/RIALDOMC38DNGUEZ-FERNANDO-76991386J2FNIRVANASINMARCO-724x1024.jpg",724,1024,true],"author_info":[],"comment_info":"","_links":{"self":[{"href":"https:\/\/lanzaroteartgallery.com\/en\/wp-json\/wp\/v2\/product\/10518","targetHints":{"allow":["GET"]}}],"collection":[{"href":"https:\/\/lanzaroteartgallery.com\/en\/wp-json\/wp\/v2\/product"}],"about":[{"href":"https:\/\/lanzaroteartgallery.com\/en\/wp-json\/wp\/v2\/types\/product"}],"wp:featuredmedia":[{"embeddable":true,"href":"https:\/\/lanzaroteartgallery.com\/en\/wp-json\/wp\/v2\/media\/10517"}],"wp:attachment":[{"href":"https:\/\/lanzaroteartgallery.com\/en\/wp-json\/wp\/v2\/media?parent=10518"}],"wp:term":[{"taxonomy":"product_brand","embeddable":true,"href":"https:\/\/lanzaroteartgallery.com\/en\/wp-json\/wp\/v2\/product_brand?post=10518"},{"taxonomy":"product_cat","embeddable":true,"href":"https:\/\/lanzaroteartgallery.com\/en\/wp-json\/wp\/v2\/product_cat?post=10518"},{"taxonomy":"product_tag","embeddable":true,"href":"https:\/\/lanzaroteartgallery.com\/en\/wp-json\/wp\/v2\/product_tag?post=10518"}],"curies":[{"name":"wp","href":"https:\/\/api.w.org\/{rel}","templated":true}]}}