{"id":10276,"date":"2022-10-12T18:24:16","date_gmt":"2022-10-12T17:24:16","guid":{"rendered":"https:\/\/lanzaroteartgallery.com\/?post_type=product&#038;p=10276"},"modified":"2023-09-20T19:55:21","modified_gmt":"2023-09-20T18:55:21","slug":"simbiosis","status":"publish","type":"product","link":"https:\/\/lanzaroteartgallery.com\/en\/work\/simbiosis\/","title":{"rendered":"Simbiosis"},"content":{"rendered":"","protected":false},"excerpt":{"rendered":"<p>150&#215;100 cm. Edici\u00f3n limitada de 3 unidades. Impresi\u00f3n en papel fotogr\u00e1fico Fuji Crystal Archive Proffesional Maxima, cubierto por metacrilato transparente y montado sobre aluninio Dibond \u2022 Firmado y numerado al frente. Certificaci\u00f3n de autenticidad<\/p>\n","protected":false},"featured_media":10275,"template":"","meta":{"_kad_blocks_custom_css":"","_kad_blocks_head_custom_js":"","_kad_blocks_body_custom_js":"","_kad_blocks_footer_custom_js":""},"product_brand":[],"product_cat":[601,621,884,885,914,911,909,888,1449,892,889,893,894],"product_tag":[1048,1049,1047,1046],"class_list":{"0":"post-10276","1":"product","2":"type-product","3":"status-publish","4":"has-post-thumbnail","6":"product_cat-arte-global-artistas","7":"product_cat-begona-lafuente-lopez","8":"product_cat-bellas-artes","9":"product_cat-conceptual-fotografia","10":"product_cat-cuadros-decoracion-salon","11":"product_cat-cuadros-decorativos-salon","12":"product_cat-cuadros-grandes-para-salon","13":"product_cat-escenificado","14":"product_cat-figurativo","15":"product_cat-paisajismo-fotografia","16":"product_cat-fashion-fotografia","17":"product_cat-retrato-fotografia","18":"product_cat-urbano","19":"product_tag-archive-profesional-maxima","20":"product_tag-cubierto-por-metacrilato-transparente-y-montado-sobre-aluminio-dibond","21":"product_tag-fuji-crystal","22":"product_tag-papel-fotografico","24":"first","25":"instock","26":"taxable","27":"shipping-taxable","28":"purchasable","29":"product-type-simple"},"aioseo_notices":[],"taxonomy_info":{"product_cat":[{"value":601,"label":"Art Space"},{"value":621,"label":"Bego\u00f1a Lafuente"},{"value":884,"label":"Bellas Artes"},{"value":885,"label":"Conceptual"},{"value":914,"label":"Paintings Living Room Decoration"},{"value":911,"label":"Decorative Paintings Living Room"},{"value":909,"label":"Large Paintings for the Living Room"},{"value":888,"label":"Escenificado"},{"value":1449,"label":"Figurative"},{"value":892,"label":"Landscaping"},{"value":889,"label":"Fashion"},{"value":893,"label":"Portrait"},{"value":894,"label":"Urbano"}],"product_tag":[{"value":1048,"label":"Archive Profesional Maxima"},{"value":1049,"label":"cubierto por metacrilato transparente y montado sobre aluminio Dibond"},{"value":1047,"label":"Fuji Crystal"},{"value":1046,"label":"papel fotogr\u00e1fico"}]},"featured_image_src_large":["https:\/\/lanzaroteartgallery.com\/wp-content\/uploads\/2022\/10\/LafuenteLC3B3pez-MarC3ADaBegoC3B1a-5405735E2Fsymbiosislr-683x1024.jpg",683,1024,true],"author_info":[],"comment_info":"","_links":{"self":[{"href":"https:\/\/lanzaroteartgallery.com\/en\/wp-json\/wp\/v2\/product\/10276","targetHints":{"allow":["GET"]}}],"collection":[{"href":"https:\/\/lanzaroteartgallery.com\/en\/wp-json\/wp\/v2\/product"}],"about":[{"href":"https:\/\/lanzaroteartgallery.com\/en\/wp-json\/wp\/v2\/types\/product"}],"wp:featuredmedia":[{"embeddable":true,"href":"https:\/\/lanzaroteartgallery.com\/en\/wp-json\/wp\/v2\/media\/10275"}],"wp:attachment":[{"href":"https:\/\/lanzaroteartgallery.com\/en\/wp-json\/wp\/v2\/media?parent=10276"}],"wp:term":[{"taxonomy":"product_brand","embeddable":true,"href":"https:\/\/lanzaroteartgallery.com\/en\/wp-json\/wp\/v2\/product_brand?post=10276"},{"taxonomy":"product_cat","embeddable":true,"href":"https:\/\/lanzaroteartgallery.com\/en\/wp-json\/wp\/v2\/product_cat?post=10276"},{"taxonomy":"product_tag","embeddable":true,"href":"https:\/\/lanzaroteartgallery.com\/en\/wp-json\/wp\/v2\/product_tag?post=10276"}],"curies":[{"name":"wp","href":"https:\/\/api.w.org\/{rel}","templated":true}]}}