{"id":10270,"date":"2022-10-12T18:24:05","date_gmt":"2022-10-12T17:24:05","guid":{"rendered":"https:\/\/lanzaroteartgallery.com\/?post_type=product&#038;p=10270"},"modified":"2024-04-19T19:56:27","modified_gmt":"2024-04-19T18:56:27","slug":"gato-queriendo-ser-mujer","status":"publish","type":"product","link":"https:\/\/lanzaroteartgallery.com\/en\/work\/gato-queriendo-ser-mujer\/","title":{"rendered":"Gato queriendo ser mujer"},"content":{"rendered":"","protected":false},"excerpt":{"rendered":"<p>Obra expresiva donde la l\u00ednea, aparentemente aleatoria, cobra protagonismo. El &#8220;gato&#8221; y figura femenina crea una tensi\u00f3n visual y emocional por su contraste con el car\u00e1cter de la l\u00ednea expresiva. El l\u00edmite del lienzo se convierte en el cobijo de una mujer que te observa desde su zona de confort.<\/p>\n","protected":false},"featured_media":10269,"template":"","meta":{"_kad_blocks_custom_css":"","_kad_blocks_head_custom_js":"","_kad_blocks_body_custom_js":"","_kad_blocks_footer_custom_js":""},"product_brand":[],"product_cat":[601,17,621,865,910,911,909,912,917,913,867,868,1449,854,863],"product_tag":[986,985,923,984,922,938,921],"class_list":{"0":"post-10270","1":"product","2":"type-product","3":"status-publish","4":"has-post-thumbnail","6":"product_cat-arte-global-artistas","7":"product_cat-artistas","8":"product_cat-begona-lafuente-lopez","9":"product_cat-conceptual","10":"product_cat-cuadro-grande","11":"product_cat-cuadros-decorativos-salon","12":"product_cat-cuadros-grandes-para-salon","13":"product_cat-cuadros-habitacion","14":"product_cat-cuadros-para-pasillos","15":"product_cat-cuadros-relajantes-para-salon","16":"product_cat-escena-de-genero","17":"product_cat-fantasia","18":"product_cat-figurativo","19":"product_cat-pintura","20":"product_cat-autorretrato","21":"product_tag-femenino","22":"product_tag-figura-humana","23":"product_tag-figurativo","24":"product_tag-gato","25":"product_tag-lienzo","26":"product_tag-mujer","27":"product_tag-oleo","29":"first","30":"instock","31":"taxable","32":"shipping-taxable","33":"purchasable","34":"product-type-simple"},"aioseo_notices":[],"taxonomy_info":{"product_cat":[{"value":601,"label":"Art Space"},{"value":17,"label":"Artistas"},{"value":621,"label":"Bego\u00f1a Lafuente"},{"value":865,"label":"Conceptual"},{"value":910,"label":"Big Picture"},{"value":911,"label":"Decorative Paintings Living Room"},{"value":909,"label":"Large Paintings for the Living Room"},{"value":912,"label":"Bedroom Paintings"},{"value":917,"label":"Corridor Paintings"},{"value":913,"label":"Relaxing Paintings for the Living Room"},{"value":867,"label":"Gender Scene"},{"value":868,"label":"Fantasy"},{"value":1449,"label":"Figurative"},{"value":854,"label":"Painting"},{"value":863,"label":"Retrato"}],"product_tag":[{"value":986,"label":"femenino"},{"value":985,"label":"figura humana"},{"value":923,"label":"figurativo"},{"value":984,"label":"gato"},{"value":922,"label":"lienzo"},{"value":938,"label":"mujer"},{"value":921,"label":"\u00f3leo"}]},"featured_image_src_large":["https:\/\/lanzaroteartgallery.com\/wp-content\/uploads\/2022\/10\/LafuenteLC3B3pez-MarC3ADaBegoC3B1a-5405735E2F11-GATOQUEQUERIASERMUJER-800x1024.jpg",800,1024,true],"author_info":[],"comment_info":"","_links":{"self":[{"href":"https:\/\/lanzaroteartgallery.com\/en\/wp-json\/wp\/v2\/product\/10270","targetHints":{"allow":["GET"]}}],"collection":[{"href":"https:\/\/lanzaroteartgallery.com\/en\/wp-json\/wp\/v2\/product"}],"about":[{"href":"https:\/\/lanzaroteartgallery.com\/en\/wp-json\/wp\/v2\/types\/product"}],"wp:featuredmedia":[{"embeddable":true,"href":"https:\/\/lanzaroteartgallery.com\/en\/wp-json\/wp\/v2\/media\/10269"}],"wp:attachment":[{"href":"https:\/\/lanzaroteartgallery.com\/en\/wp-json\/wp\/v2\/media?parent=10270"}],"wp:term":[{"taxonomy":"product_brand","embeddable":true,"href":"https:\/\/lanzaroteartgallery.com\/en\/wp-json\/wp\/v2\/product_brand?post=10270"},{"taxonomy":"product_cat","embeddable":true,"href":"https:\/\/lanzaroteartgallery.com\/en\/wp-json\/wp\/v2\/product_cat?post=10270"},{"taxonomy":"product_tag","embeddable":true,"href":"https:\/\/lanzaroteartgallery.com\/en\/wp-json\/wp\/v2\/product_tag?post=10270"}],"curies":[{"name":"wp","href":"https:\/\/api.w.org\/{rel}","templated":true}]}}