{"id":10248,"date":"2022-10-12T17:55:01","date_gmt":"2022-10-12T16:55:01","guid":{"rendered":"https:\/\/lanzaroteartgallery.com\/?post_type=product&#038;p=10248"},"modified":"2024-03-05T20:42:54","modified_gmt":"2024-03-05T20:42:54","slug":"humanos-701","status":"publish","type":"product","link":"https:\/\/lanzaroteartgallery.com\/en\/work\/humanos-701\/","title":{"rendered":"Humanos 701"},"content":{"rendered":"","protected":false},"excerpt":{"rendered":"<p>\u201cLa mejor manera de que un prisionero no escape, es asegurarse de que nunca sepa que esta en prisi\u00f3n\u201c Dostoyesvski<\/p>\n","protected":false},"featured_media":10247,"template":"","meta":{"_kad_blocks_custom_css":"","_kad_blocks_head_custom_js":"","_kad_blocks_body_custom_js":"","_kad_blocks_footer_custom_js":""},"product_brand":[],"product_cat":[860,601,17,865,910,914,911,909,916,917,915,620,866,863],"product_tag":[1010,952,980,923,1011,922,987],"class_list":{"0":"post-10248","1":"product","2":"type-product","3":"status-publish","4":"has-post-thumbnail","6":"product_cat-abstracto","7":"product_cat-arte-global-artistas","8":"product_cat-artistas","9":"product_cat-conceptual","10":"product_cat-cuadro-grande","11":"product_cat-cuadros-decoracion-salon","12":"product_cat-cuadros-decorativos-salon","13":"product_cat-cuadros-grandes-para-salon","14":"product_cat-cuadros-para-dormitorios","15":"product_cat-cuadros-para-pasillos","16":"product_cat-cuadros-para-salon-modernos","17":"product_cat-marite-crespo","18":"product_cat-desnudo","19":"product_cat-autorretrato","20":"product_tag-abstraccion","21":"product_tag-abstracto","22":"product_tag-acrilico","23":"product_tag-figurativo","24":"product_tag-figurativo-abstracto","25":"product_tag-lienzo","26":"product_tag-tecnica-mixta","28":"first","29":"instock","30":"taxable","31":"shipping-taxable","32":"purchasable","33":"product-type-simple"},"aioseo_notices":[],"taxonomy_info":{"product_cat":[{"value":860,"label":"Abstract"},{"value":601,"label":"Art Space"},{"value":17,"label":"Artistas"},{"value":865,"label":"Conceptual"},{"value":910,"label":"Big Picture"},{"value":914,"label":"Paintings Living Room Decoration"},{"value":911,"label":"Decorative Paintings Living Room"},{"value":909,"label":"Large Paintings for the Living Room"},{"value":916,"label":"Bedroom Paintings"},{"value":917,"label":"Corridor Paintings"},{"value":915,"label":"Modern Living Room Paintings"},{"value":620,"label":"Marit\u00e9 Crespo"},{"value":866,"label":"Nude"},{"value":863,"label":"Retrato"}],"product_tag":[{"value":1010,"label":"abstracci\u00f3n"},{"value":952,"label":"abstracto"},{"value":980,"label":"acr\u00edlico"},{"value":923,"label":"figurativo"},{"value":1011,"label":"figurativo abstracto"},{"value":922,"label":"lienzo"},{"value":987,"label":"t\u00e9cnica mixta"}]},"featured_image_src_large":["https:\/\/lanzaroteartgallery.com\/wp-content\/uploads\/2022\/10\/Crespo-Marite-136767452FHUMANOS23701.100cmx100cm-1024x1024.jpg",1024,1024,true],"author_info":[],"comment_info":"","_links":{"self":[{"href":"https:\/\/lanzaroteartgallery.com\/en\/wp-json\/wp\/v2\/product\/10248","targetHints":{"allow":["GET"]}}],"collection":[{"href":"https:\/\/lanzaroteartgallery.com\/en\/wp-json\/wp\/v2\/product"}],"about":[{"href":"https:\/\/lanzaroteartgallery.com\/en\/wp-json\/wp\/v2\/types\/product"}],"wp:featuredmedia":[{"embeddable":true,"href":"https:\/\/lanzaroteartgallery.com\/en\/wp-json\/wp\/v2\/media\/10247"}],"wp:attachment":[{"href":"https:\/\/lanzaroteartgallery.com\/en\/wp-json\/wp\/v2\/media?parent=10248"}],"wp:term":[{"taxonomy":"product_brand","embeddable":true,"href":"https:\/\/lanzaroteartgallery.com\/en\/wp-json\/wp\/v2\/product_brand?post=10248"},{"taxonomy":"product_cat","embeddable":true,"href":"https:\/\/lanzaroteartgallery.com\/en\/wp-json\/wp\/v2\/product_cat?post=10248"},{"taxonomy":"product_tag","embeddable":true,"href":"https:\/\/lanzaroteartgallery.com\/en\/wp-json\/wp\/v2\/product_tag?post=10248"}],"curies":[{"name":"wp","href":"https:\/\/api.w.org\/{rel}","templated":true}]}}