{"id":405,"date":"2017-02-01T20:57:52","date_gmt":"2017-02-01T20:57:52","guid":{"rendered":"http:\/\/lanzaroteartgallery.com\/?page_id=405"},"modified":"2019-12-27T09:12:17","modified_gmt":"2019-12-27T09:12:17","slug":"politica-de-privacidad","status":"publish","type":"page","link":"https:\/\/lanzaroteartgallery.com\/en\/privacy-policy\/","title":{"rendered":"Privacy &#038; Cookies"},"content":{"rendered":"<p>La presente POL\u00cdTICA DE PRIVACIDAD es parte integrante del Aviso Legal de la Web Lanzarote Art Gallery<br \/>\nEn cumplimiento de lo dispuesto en la Ley Org\u00e1nica 15\/1999 de 13 de Diciembre, de Protecci\u00f3n de Datos de Car\u00e1cter Personal, Lanzarote Art Gallery le comunica que:<\/p>\n<p>A. Los datos personales facilitados por Usted a trav\u00e9s del presente Sitio Web de titularidad de Lanzarote Art Gallery se incorporar\u00e1n a los ficheros de titularidad de Lanzarote Art Gallery, debidamente inscritos en el Registro General de Protecci\u00f3n de Datos y particularmente al fichero CONTACTOS&#8221; cuya finalidad es el mantenimiento de su condici\u00f3n de usuario, la gesti\u00f3n de los usuarios del SITIO WEB, la gesti\u00f3n de los servicios ofrecidos a trav\u00e9s de este SITIO, la gesti\u00f3n de consultas que reciba por parte de los usuarios del mismo, el env\u00edo de informaci\u00f3n de utilidad o inter\u00e9s relativa a art\u00edculos, actividades, noticias, eventos organizados por Lanzarote Art Gallery y sus colaboradores, publicados en medios de comunicaci\u00f3n social as\u00ed como la remisi\u00f3n postal y\/o electr\u00f3nica peri\u00f3dica por nuestra parte de informaci\u00f3n publicitaria, a lo que Ud. consiente de forma expresa.<\/p>\n<p>En el caso de facilitarnos datos curriculares a trav\u00e9s del formulario habilitado al efecto, en el apartado que tenga a bien establecerse en el SITIO , le informamos que sus datos ser\u00e1n tratados con el fin de atender su ofrecimiento profesional y gestionar los procesos de selecci\u00f3n. En este sentido, si desea continuar participando en nuestros procesos de selecci\u00f3n, le rogamos que proceda a la actualizaci\u00f3n de sus datos.<\/p>\n<p>As\u00ed mismo, le informamos que los datos facilitados podr\u00e1n ser comunicados a las Entidades que conforman Lanzarote Art Gallery, cuyas direcciones y actividades puede consultar en el Sitio Web, para el cumplimiento de los mismos fines informados.<\/p>\n<p>Por \u00faltimo le informamos y mediante la aceptaci\u00f3n de la presente Pol\u00edtica de Privacidad usted consiente, que sus datos personales puedan ser comunicados a terceros colaboradores de Lanzarote Art Gallery, con la finalidad de que \u00e9stos puedan efectuar por diferentes medios, incluido el correo electr\u00f3nico, env\u00edos informativos sobre productos y servicios relacionados con las actividades empresariales y relacionadas con la formaci\u00f3n, afines a los ofrecidos por Lanzarote Art Gallery.<\/p>\n<p>Usted garantiza que los datos que nos ha aportado, son verdaderos, exactos, fiables, de calidad, completos y actualizados, siendo responsable exclusivo de cualquier da\u00f1o o perjuicio, directo o indirecto, que pudiera ocasionarse como consecuencia del incumplimiento de tal obligaci\u00f3n.<\/p>\n<p>En el caso de que los datos que nos suministre pertenecieran a un tercero, Usted asume la responsabilidad procedente del deber de informaci\u00f3n a dicho tercero acerca de los aspectos contenidos en este documento. As\u00ed mismo, usted garantiza que ha obtenido la autorizaci\u00f3n del tercero para facilitar sus datos a Lanzarote Art Gallery con los fines se\u00f1alados.<\/p>\n<p>En respuesta a la preocupaci\u00f3n de garantizar la seguridad y confidencialidad de sus datos, se han adoptado los niveles de seguridad requeridos para la protecci\u00f3n de los datos personales y se han instalado los medios t\u00e9cnicos a su alcance para evitar la p\u00e9rdida, mal uso, alteraci\u00f3n, acceso no autorizado y robo de los datos personales facilitados a trav\u00e9s de info@lanzaroteargallery.com<br \/>\nEL USUARIO podr\u00e1 ejercer sus derechos de acceso, de rectificaci\u00f3n, de cancelaci\u00f3n y de oposici\u00f3n en lo relativo a sus datos de car\u00e1cter personal mediante un correo electr\u00f3nico dirigido a info@lanzaroteargallery.com o por correo postal ordinario a calle Los Dragos 4-41. 35508 Costa Teguise- Las Palmas. Las comunicaciones que usted como usuario debe realizar para ejercicio de estos derecho, implican que deber\u00e1n ir acompa\u00f1adas de copia de documento nacional de identidad o documento identificativo equivalente.<\/p>\n<p>De conformidad con lo establecido en la Ley 34\/2002 de 11 de julio, de Servicios de la Sociedad de la Informaci\u00f3n y del Comercio Electr\u00f3nico, en el supuesto de que usted no desee recibir comunicaciones comerciales electr\u00f3nica en el futuro, por parte de Lanzarote Art Gallery, podr\u00e1 manifestar su voluntad enviando un mail a la siguiente direcci\u00f3n de correo electr\u00f3nico: info@lanzaroteargallery.com<\/p>\n<p><strong>2. POLITICA DE COOKIES<\/strong><\/p>\n<p>Le informamos que El SITIO WEB de Lanzarote Art Gallery emplea \u2018cookies\u2019 con la finalidad de permitir y facilitar la interacci\u00f3n del usuario con el mismo as\u00ed como la calidad de la p\u00e1gina de acuerdo a los h\u00e1bitos y estilos de navegaci\u00f3n de los usuarios. Asimismo le informamos que los servicios de estad\u00edsticas \u2013propios o ajenos-, empleados por el SITIO WEB de Lanzarote Art Gallery pueden emplear \u2018cookies\u2019 con la finalidad de establecer m\u00e9tricas y patrones de uso del sitio. El acceso, uso y, en general, la navegaci\u00f3n por el SITIO WEB de Lanzarote Art Gallery suponen necesariamente el consentimiento del USUARIO a la utilizaci\u00f3n de &#8220;cookies&#8221; por parte de Lanzarote Art Gallery y\/o de sus proveedores de servicios.<\/p>\n<p><strong>2.1.\u00bfQu\u00e9 son las cookies?<\/strong><\/p>\n<p>Una cookie es un fichero que se descarga en su ordenador, Smartphone, o tableta del USUARIO al acceder a determinadas p\u00e1ginas web.<\/p>\n<p>Las cookies permiten al titular de la p\u00e1gina o SITIO WEB, almacenar o recuperar determinada informaci\u00f3n sobre m\u00faltiples variables, como por ejemplo; el n\u00famero de veces que la p\u00e1gina ha sido visitada por el USUARIO, garantizar la sesi\u00f3n del USUARIO mientras navega por la p\u00e1gina web o SITIO, de la forma en que utilice su equipo etc. todo ello a fin de que pueda reconoc\u00e9rsele como USUARIO. Es necesario se\u00f1alar que el bloqueo de la totalidad de las cookies puede inhabilitar ciertos servicios y funcionalidades.<\/p>\n<p><strong>2.2.\u00bfQu\u00e9 tipos de cookies utiliza esta p\u00e1gina o SITIO WEB?<\/strong><\/p>\n<p>\u2022 Cookies de sesi\u00f3n: Mantienen al USUARIO identificado ante el SITIO WEB, permitiendo su interacci\u00f3n con el mismo.<br \/>\n\u2022 Cookies de an\u00e1lisis: Son aqu\u00e9llas que bien tratadas por Lanzarote Art Gallery o por terceros, nos permiten cuantificar el n\u00famero de usuarios y as\u00ed realizar la medici\u00f3n y an\u00e1lisis estad\u00edstico de la utilizaci\u00f3n que hacen los usuarios del servicio ofertado. Para ello se analiza su navegaci\u00f3n en nuestra p\u00e1gina web con el fin de mejorar la oferta de productos o servicios que le ofrecemos.<br \/>\n\u2022 Cookies de redes sociales: que permite compartir en diferentes redes sociales el contenido de nuestra web.<\/p>\n<p><strong>Uso de Cookies por parte de lanzaroteartgallery.com<\/strong><\/p>\n<p>Mediante el acceso a lanzaroteartgallery.com, aceptas de manera expresa que podamos usar este tipo de cookies en tus dispositivos. Si desactivas las cookies, puede que tu navegaci\u00f3n por lanzaroteartgallery.com no sea \u00f3ptima y algunas de las utilidades que dispone lanzaroteartgallery.com no funcionen correctamente.<\/p>\n<p>a) Cookies de Terceros. Cookies de Google Analytics<\/p>\n<p>El sitio utiliza el servicio Google Analytics, que es prestado por Google, Inc., entidad cuya oficina principal est\u00e1 en 1600 Amphitheatre Parkway, Mountain View (California), CA 94043, Estados Unidos (\u00abGoogle\u00bb).<\/p>\n<p>Google Analytics utiliza cookies para ayudarnos a analizar el uso que hacen los usuarios del sitio. La informaci\u00f3n que genera la cookie acerca de tu uso del sitio (incluyendo tu direcci\u00f3n IP) ser\u00e1 directamente transmitida y archivada por Google en sus servidores de Estados Unidos. Google usar\u00e1 esta informaci\u00f3n por cuenta nuestra con el prop\u00f3sito de seguir la pista de tu uso del sitio, recopilando informes de la actividad del sitio y prestando otros servicios relacionados con la actividad del sitio y el uso de Internet. Google podr\u00e1 transmitir dicha informaci\u00f3n a terceros cuando as\u00ed se lo requiera la legislaci\u00f3n, o cuando dichos terceros procesen la informaci\u00f3n por cuenta de Google. Google no asociar\u00e1 tu direcci\u00f3n IP con ning\u00fan otro dato del que disponga Google.<\/p>\n<p>Si lo deseas puedes rechazar el tratamiento de los datos o la informaci\u00f3n rechazando el uso de cookies mediante la selecci\u00f3n de la configuraci\u00f3n apropiada de tu navegador. Sin embargo, si lo haces, puede ser que no puedas usar la plena funcionalidad de este sitio. Al utilizar este sitio consientes el tratamiento tu informaci\u00f3n por Google en la forma y para los fines arriba indicados.<\/p>\n<p><strong>Nombre de las cookies<\/strong><\/p>\n<p>_utma<br \/>\n_utmb<br \/>\n_utmc<br \/>\n_utmv<br \/>\n_utmz<\/p>\n<p><strong>Prop\u00f3sito de las cookies<\/strong><\/p>\n<p>Estas cookies de Google Analytics generan un ID de usuario an\u00f3nimo, que es el que se utiliza para hacer un recuento de cuantas veces visita lanzaroteartgallery.com el usuario. Tambi\u00e9n registra cuando fue la primera y la \u00faltima vez que visit\u00f3 la web. Asimismo, calcula cuando se ha terminado una sesi\u00f3n, origen de usuario y keyword.<br \/>\nConfiguraci\u00f3n del usuario para evitar Cookies<\/p>\n<p>Desde lanzaroteartgallery.com y en cumplimiento de la normativa legal vigente, ponemos a tu disposici\u00f3n la informaci\u00f3n que te permita configurar tu navegador\/navegadores de Internet para mantener tu privacidad y seguridad en relaci\u00f3n a las cookies. Por ello, te facilitamos la informaci\u00f3n y enlaces a los sitos de soporte oficiales de los principales navegadores para que puedas decidir si deseas o no aceptar el uso de cookies.<\/p>\n<p>As\u00ed, puedes bloquear las cookies a trav\u00e9s de las herramientas de configuraci\u00f3n del navegador o bien puedes configurar tu navegador para que te avise cuando un servidor quiera guardar una cookie:<\/p>\n<p>Si utilizas Microsoft Internet Explorer, en la opci\u00f3n de men\u00fa Herramientas > Opciones de Internet > Privacidad > Configuraci\u00f3n. Para saber m\u00e1s visita http:\/\/windows.microsoft.com\/es-es\/windows-vista\/block-or-allow-cookies y http:\/\/windows.microsoft.com\/es-es\/windows7\/how-to-manage-cookies-in-internet-expl orer-9.<br \/>\nSi utilizas Firefox, en la opci\u00f3n de men\u00fa Herramientas > Opciones > Privacidad > Cookies. Para saber m\u00e1s visita https:\/\/support.mozilla.org\/es\/kb\/habilitar-y-deshabilitar-cookies-que-los-sitios -web<br \/>\nSi utilizas Chrome, en la secci\u00f3n de Opciones > Opciones avanzadas > Privacidad. Para saber m\u00e1s http:\/\/support.google.com\/chrome\/bin\/answer.py?hl=es&#038;answer=95647<br \/>\nSi utilizas Opera, en la opci\u00f3n de Seguridad y Privacidad, podr\u00e1s configurar el navegador. Para saber m\u00e1s visita http:\/\/www.opera.com\/help\/tutorials\/security\/cookies\/<br \/>\n<\/p>","protected":false},"excerpt":{"rendered":"<p>La presente POL\u00cdTICA DE PRIVACIDAD es parte integrante del Aviso Legal de la Web Lanzarote Art Gallery En cumplimiento de lo dispuesto en la Ley Org\u00e1nica 15\/1999 de 13 de [&hellip;]<\/p>\n","protected":false},"author":1,"featured_media":0,"parent":0,"menu_order":0,"comment_status":"closed","ping_status":"closed","template":"","meta":{"_kad_blocks_custom_css":"","_kad_blocks_head_custom_js":"","_kad_blocks_body_custom_js":"","_kad_blocks_footer_custom_js":"","footnotes":""},"class_list":["post-405","page","type-page","status-publish","hentry"],"aioseo_notices":[],"taxonomy_info":[],"featured_image_src_large":false,"author_info":{"display_name":"Art Gallery Webmaster","author_link":"https:\/\/lanzaroteartgallery.com\/en\/author\/artgallerycontrol\/"},"comment_info":0,"_links":{"self":[{"href":"https:\/\/lanzaroteartgallery.com\/en\/wp-json\/wp\/v2\/pages\/405","targetHints":{"allow":["GET"]}}],"collection":[{"href":"https:\/\/lanzaroteartgallery.com\/en\/wp-json\/wp\/v2\/pages"}],"about":[{"href":"https:\/\/lanzaroteartgallery.com\/en\/wp-json\/wp\/v2\/types\/page"}],"author":[{"embeddable":true,"href":"https:\/\/lanzaroteartgallery.com\/en\/wp-json\/wp\/v2\/users\/1"}],"replies":[{"embeddable":true,"href":"https:\/\/lanzaroteartgallery.com\/en\/wp-json\/wp\/v2\/comments?post=405"}],"version-history":[{"count":0,"href":"https:\/\/lanzaroteartgallery.com\/en\/wp-json\/wp\/v2\/pages\/405\/revisions"}],"wp:attachment":[{"href":"https:\/\/lanzaroteartgallery.com\/en\/wp-json\/wp\/v2\/media?parent=405"}],"curies":[{"name":"wp","href":"https:\/\/api.w.org\/{rel}","templated":true}]}}